{"id":3171,"date":"2025-02-14T10:48:42","date_gmt":"2025-02-14T09:48:42","guid":{"rendered":"https:\/\/hrjik.fhs.hr\/?page_id=3171"},"modified":"2026-03-20T07:52:23","modified_gmt":"2026-03-20T06:52:23","slug":"sponzori-i-medijski-pokrovitelji-konferencije","status":"publish","type":"page","link":"https:\/\/hrjik.fhs.hr\/en\/sponzori-i-medijski-pokrovitelji-konferencije\/","title":{"rendered":"Conference and media sponsors"},"content":{"rendered":"<div class=\"wp-block-uagb-container uagb-layout-flex uagb-block-c3a56ca2 alignfull uagb-is-root-container\">\n<div class=\"wp-block-uagb-advanced-heading uagb-block-2ad36393\"><h1 class=\"uagb-heading-text\">Croatian Language and Culture Abroad: <\/h1><p class=\"uagb-desc-text\">Exploring the Past, Present and Future<\/p><\/div>\n<\/div>\n\n\n\n<div id=\"sponsors\" class=\"wp-block-uagb-container uagb-block-50bf6700 alignfull uagb-is-root-container\"><div class=\"uagb-container-inner-blocks-wrap\">\n<div class=\"wp-block-uagb-separator uagb-block-a9bb0c1a\"><div class=\"uagb-separator-spacing-wrapper\"><div class=\"wp-block-uagb-separator__inner\" style=\"--my-background-image:\"><\/div><\/div><\/div>\n\n\n\n<div class=\"wp-block-uagb-advanced-heading uagb-block-2b9e609c\"><h2 class=\"uagb-heading-text\">Conference Co-organizers<\/h2><\/div>\n\n\n\n<div class=\"wp-block-uagb-container uagb-layout-grid uagb-block-50641416\">\n<div class=\"wp-block-uagb-image aligncenter uagb-block-04fdda77 wp-block-uagb-image--layout-default wp-block-uagb-image--effect-grayscale wp-block-uagb-image--align-center\"><figure class=\"wp-block-uagb-image__figure\"><img decoding=\"async\" srcset=\"https:\/\/hrjik.fhs.hr\/wp-content\/uploads\/2025\/01\/zentrum-300x168.png ,https:\/\/hrjik.fhs.hr\/wp-content\/uploads\/2025\/01\/zentrum.png 780w, https:\/\/hrjik.fhs.hr\/wp-content\/uploads\/2025\/01\/zentrum.png 360w\" sizes=\"auto, (max-width: 480px) 150px\" src=\"https:\/\/hrjik.fhs.hr\/wp-content\/uploads\/2025\/01\/zentrum-300x168.png\" alt=\"\" class=\"uag-image-2806\" width=\"300\" height=\"168\" title=\"zentrum\" loading=\"lazy\" role=\"img\"\/><\/figure><\/div>\n\n\n\n<div class=\"wp-block-uagb-image uagb-block-53dff9be wp-block-uagb-image--layout-default wp-block-uagb-image--effect-grayscale wp-block-uagb-image--align-none\"><figure class=\"wp-block-uagb-image__figure\"><img decoding=\"async\" srcset=\"https:\/\/hrjik.fhs.hr\/wp-content\/uploads\/2025\/01\/HMI_logo2_tiskara-278x300.png ,https:\/\/hrjik.fhs.hr\/wp-content\/uploads\/2025\/01\/HMI_logo2_tiskara.png 780w, https:\/\/hrjik.fhs.hr\/wp-content\/uploads\/2025\/01\/HMI_logo2_tiskara.png 360w\" sizes=\"auto, (max-width: 480px) 150px\" src=\"https:\/\/hrjik.fhs.hr\/wp-content\/uploads\/2025\/01\/HMI_logo2_tiskara-278x300.png\" alt=\"\" class=\"uag-image-2799\" width=\"232\" height=\"241\" title=\"HMI_logo2_tiskara\" loading=\"lazy\" role=\"img\"\/><\/figure><\/div>\n\n\n\n<div class=\"wp-block-uagb-image uagb-block-6a71868a wp-block-uagb-image--layout-default wp-block-uagb-image--effect-grayscale wp-block-uagb-image--align-none\"><figure class=\"wp-block-uagb-image__figure\"><img decoding=\"async\" srcset=\"https:\/\/hrjik.fhs.hr\/wp-content\/uploads\/2025\/01\/hazu_logo_black.svg ,https:\/\/hrjik.fhs.hr\/wp-content\/uploads\/2025\/01\/hazu_logo_black.svg 780w, https:\/\/hrjik.fhs.hr\/wp-content\/uploads\/2025\/01\/hazu_logo_black.svg 360w\" sizes=\"auto, (max-width: 480px) 150px\" src=\"https:\/\/hrjik.fhs.hr\/wp-content\/uploads\/2025\/01\/hazu_logo_black.svg\" alt=\"\" class=\"uag-image-2798\" width=\"288\" height=\"282\" title=\"hazu_logo_black\" loading=\"lazy\" role=\"img\"\/><\/figure><\/div>\n\n\n\n<div class=\"wp-block-uagb-image uagb-block-3364586f wp-block-uagb-image--layout-default wp-block-uagb-image--effect-grayscale wp-block-uagb-image--align-none\"><figure class=\"wp-block-uagb-image__figure\"><img decoding=\"async\" srcset=\"https:\/\/hrjik.fhs.hr\/wp-content\/uploads\/2025\/01\/pte-btk-logo_hun_2023_kek-300x269.png ,https:\/\/hrjik.fhs.hr\/wp-content\/uploads\/2025\/01\/pte-btk-logo_hun_2023_kek-e1739821454891.png 780w, https:\/\/hrjik.fhs.hr\/wp-content\/uploads\/2025\/01\/pte-btk-logo_hun_2023_kek-e1739821454891.png 360w\" sizes=\"auto, (max-width: 480px) 150px\" src=\"https:\/\/hrjik.fhs.hr\/wp-content\/uploads\/2025\/01\/pte-btk-logo_hun_2023_kek-300x269.png\" alt=\"\" class=\"uag-image-2804\" width=\"300\" height=\"269\" title=\"pte-btk-logo_hun_2023_kek\" loading=\"lazy\" role=\"img\"\/><\/figure><\/div>\n<\/div>\n\n\n\n<div class=\"wp-block-uagb-container uagb-layout-grid uagb-block-79a1a65f\">\n<div class=\"wp-block-uagb-image uagb-block-629410c8 wp-block-uagb-image--layout-default wp-block-uagb-image--effect-grayscale wp-block-uagb-image--align-none\"><figure class=\"wp-block-uagb-image__figure\"><img decoding=\"async\" srcset=\"https:\/\/hrjik.fhs.hr\/wp-content\/uploads\/2025\/01\/usp-2018preto-300x44.png ,https:\/\/hrjik.fhs.hr\/wp-content\/uploads\/2025\/01\/usp-2018preto-300x44.png 780w, https:\/\/hrjik.fhs.hr\/wp-content\/uploads\/2025\/01\/usp-2018preto.png 360w\" sizes=\"auto, (max-width: 480px) 150px\" src=\"https:\/\/hrjik.fhs.hr\/wp-content\/uploads\/2025\/01\/usp-2018preto-300x44.png\" alt=\"\" class=\"uag-image-2812\" width=\"300\" height=\"44\" title=\"usp-2018preto\" loading=\"lazy\" role=\"img\"\/><\/figure><\/div>\n\n\n\n<div class=\"wp-block-uagb-image uagb-block-321b1f8b wp-block-uagb-image--layout-default wp-block-uagb-image--effect-grayscale wp-block-uagb-image--align-none\"><figure class=\"wp-block-uagb-image__figure\"><img decoding=\"async\" srcset=\"https:\/\/hrjik.fhs.hr\/wp-content\/uploads\/2025\/01\/ur-logo-wort-bildmarke-grau.svg ,https:\/\/hrjik.fhs.hr\/wp-content\/uploads\/2025\/01\/ur-logo-wort-bildmarke-grau.svg 780w, https:\/\/hrjik.fhs.hr\/wp-content\/uploads\/2025\/01\/ur-logo-wort-bildmarke-grau.svg 360w\" sizes=\"auto, (max-width: 480px) 150px\" src=\"https:\/\/hrjik.fhs.hr\/wp-content\/uploads\/2025\/01\/ur-logo-wort-bildmarke-grau.svg\" alt=\"\" class=\"uag-image-2811\" width=\"282\" height=\"282\" title=\"ur-logo-wort-bildmarke-grau\" loading=\"lazy\" role=\"img\"\/><\/figure><\/div>\n\n\n\n<div class=\"wp-block-uagb-image uagb-block-700b3885 wp-block-uagb-image--layout-default wp-block-uagb-image--effect-grayscale wp-block-uagb-image--align-none\"><figure class=\"wp-block-uagb-image__figure\"><img decoding=\"async\" srcset=\"https:\/\/hrjik.fhs.hr\/wp-content\/uploads\/2025\/03\/yorku-logo-Photoroom-300x67.png ,https:\/\/hrjik.fhs.hr\/wp-content\/uploads\/2025\/03\/yorku-logo-Photoroom-300x67.png 780w, https:\/\/hrjik.fhs.hr\/wp-content\/uploads\/2025\/03\/yorku-logo-Photoroom.png 360w\" sizes=\"auto, (max-width: 480px) 150px\" src=\"https:\/\/hrjik.fhs.hr\/wp-content\/uploads\/2025\/03\/yorku-logo-Photoroom-300x67.png\" alt=\"\" class=\"uag-image-3664\" width=\"300\" height=\"67\" title=\"yorku-logo-Photoroom\" loading=\"lazy\" role=\"img\"\/><\/figure><\/div>\n<\/div>\n\n\n\n<div class=\"wp-block-uagb-advanced-heading uagb-block-d3c81a55\"><div class=\"uagb-separator\"><\/div><h2 class=\"uagb-heading-text\">Sponsors<\/h2><\/div>\n\n\n\n<div class=\"wp-block-uagb-container uagb-layout-grid uagb-block-186ca402\">\n<div class=\"wp-block-uagb-image uagb-block-8e63efea wp-block-uagb-image--layout-default wp-block-uagb-image--effect-grayscale wp-block-uagb-image--align-none\"><figure class=\"wp-block-uagb-image__figure\"><img decoding=\"async\" srcset=\"https:\/\/hrjik.fhs.hr\/wp-content\/uploads\/2025\/01\/logo_SDUHIRH_hor_Hr-300x189.png ,https:\/\/hrjik.fhs.hr\/wp-content\/uploads\/2025\/01\/logo_SDUHIRH_hor_Hr.png 780w, https:\/\/hrjik.fhs.hr\/wp-content\/uploads\/2025\/01\/logo_SDUHIRH_hor_Hr.png 360w\" sizes=\"auto, (max-width: 480px) 150px\" src=\"https:\/\/hrjik.fhs.hr\/wp-content\/uploads\/2025\/01\/logo_SDUHIRH_hor_Hr-300x189.png\" alt=\"\" class=\"uag-image-2800\" width=\"300\" height=\"189\" title=\"logo_SDUHIRH_hor_Hr\" loading=\"lazy\" role=\"img\"\/><\/figure><\/div>\n\n\n\n<div class=\"wp-block-uagb-image uagb-block-bb9df60d wp-block-uagb-image--layout-default wp-block-uagb-image--effect-grayscale wp-block-uagb-image--align-none\"><figure class=\"wp-block-uagb-image__figure\"><img decoding=\"async\" srcset=\"https:\/\/hrjik.fhs.hr\/wp-content\/uploads\/2025\/01\/ministarstvo-Photoroom-300x86.png ,https:\/\/hrjik.fhs.hr\/wp-content\/uploads\/2025\/01\/ministarstvo-Photoroom.png 780w, https:\/\/hrjik.fhs.hr\/wp-content\/uploads\/2025\/01\/ministarstvo-Photoroom.png 360w\" sizes=\"auto, (max-width: 480px) 150px\" src=\"https:\/\/hrjik.fhs.hr\/wp-content\/uploads\/2025\/01\/ministarstvo-Photoroom-300x86.png\" alt=\"\" class=\"uag-image-2808\" width=\"300\" height=\"86\" title=\"ministarstvo-Photoroom\" loading=\"lazy\" role=\"img\"\/><\/figure><\/div>\n<\/div>\n<\/div><\/div>\n\n\n\n<div class=\"wp-block-uagb-separator uagb-block-560cbbfc\"><div class=\"uagb-separator-spacing-wrapper\"><div class=\"wp-block-uagb-separator__inner\" style=\"--my-background-image:\"><\/div><\/div><\/div>\n\n\n<\/div>\n<p><!-- \/wp:post-content --><\/p>","protected":false},"excerpt":{"rendered":"<p>Hrvatski jezik i kultura u inozemstvu: pogled u pro\u0161lost, sada\u0161njost, budu\u0107nost Suorganizatori konferencije Pokrovitelji<\/p>","protected":false},"author":1,"featured_media":3269,"parent":0,"menu_order":0,"comment_status":"closed","ping_status":"closed","template":"","meta":{"_uag_custom_page_level_css":"","site-sidebar-layout":"default","site-content-layout":"","ast-site-content-layout":"default","site-content-style":"default","site-sidebar-style":"default","ast-global-header-display":"","ast-banner-title-visibility":"","ast-main-header-display":"","ast-hfb-above-header-display":"","ast-hfb-below-header-display":"","ast-hfb-mobile-header-display":"","site-post-title":"disabled","ast-breadcrumbs-content":"","ast-featured-img":"","footer-sml-layout":"","ast-disable-related-posts":"","theme-transparent-header-meta":"","adv-header-id-meta":"","stick-header-meta":"","header-above-stick-meta":"","header-main-stick-meta":"","header-below-stick-meta":"","astra-migrate-meta-layouts":"set","ast-page-background-enabled":"default","ast-page-background-meta":{"desktop":{"background-color":"","background-image":"","background-repeat":"repeat","background-position":"center center","background-size":"auto","background-attachment":"scroll","background-type":"","background-media":"","overlay-type":"","overlay-color":"","overlay-opacity":"","overlay-gradient":""},"tablet":{"background-color":"","background-image":"","background-repeat":"repeat","background-position":"center center","background-size":"auto","background-attachment":"scroll","background-type":"","background-media":"","overlay-type":"","overlay-color":"","overlay-opacity":"","overlay-gradient":""},"mobile":{"background-color":"","background-image":"","background-repeat":"repeat","background-position":"center center","background-size":"auto","background-attachment":"scroll","background-type":"","background-media":"","overlay-type":"","overlay-color":"","overlay-opacity":"","overlay-gradient":""}},"ast-content-background-meta":{"desktop":{"background-color":"var(--ast-global-color-5)","background-image":"","background-repeat":"repeat","background-position":"center center","background-size":"auto","background-attachment":"scroll","background-type":"","background-media":"","overlay-type":"","overlay-color":"","overlay-opacity":"","overlay-gradient":""},"tablet":{"background-color":"var(--ast-global-color-5)","background-image":"","background-repeat":"repeat","background-position":"center center","background-size":"auto","background-attachment":"scroll","background-type":"","background-media":"","overlay-type":"","overlay-color":"","overlay-opacity":"","overlay-gradient":""},"mobile":{"background-color":"var(--ast-global-color-5)","background-image":"","background-repeat":"repeat","background-position":"center center","background-size":"auto","background-attachment":"scroll","background-type":"","background-media":"","overlay-type":"","overlay-color":"","overlay-opacity":"","overlay-gradient":""}},"footnotes":""},"class_list":["post-3171","page","type-page","status-publish","has-post-thumbnail","hentry"],"yoast_head":"<!-- This site is optimized with the Yoast SEO plugin v27.4 - https:\/\/yoast.com\/product\/yoast-seo-wordpress\/ -->\n<title>Sponzori i medijski pokrovitelji konferencije - Hrvatski jezik i kultura u inozemstvu: pogled u pro\u0161lost, sada\u0161njost, budu\u0107nost<\/title>\n<meta name=\"robots\" content=\"index, follow, max-snippet:-1, max-image-preview:large, max-video-preview:-1\" \/>\n<link rel=\"canonical\" href=\"https:\/\/hrjik.fhs.hr\/en\/sponzori-i-medijski-pokrovitelji-konferencije\/\" \/>\n<meta property=\"og:locale\" content=\"en_GB\" \/>\n<meta property=\"og:type\" content=\"article\" \/>\n<meta property=\"og:title\" content=\"Sponzori i medijski pokrovitelji konferencije - Hrvatski jezik i kultura u inozemstvu: pogled u pro\u0161lost, sada\u0161njost, budu\u0107nost\" \/>\n<meta property=\"og:description\" content=\"Hrvatski jezik i kultura u inozemstvu: pogled u pro\u0161lost, sada\u0161njost, budu\u0107nost Suorganizatori konferencije Pokrovitelji\" \/>\n<meta property=\"og:url\" content=\"https:\/\/hrjik.fhs.hr\/en\/sponzori-i-medijski-pokrovitelji-konferencije\/\" \/>\n<meta property=\"og:site_name\" content=\"Hrvatski jezik i kultura u inozemstvu: pogled u pro\u0161lost, sada\u0161njost, budu\u0107nost\" \/>\n<meta property=\"article:publisher\" content=\"https:\/\/www.facebook.com\/profile.php?id=61573132138713\" \/>\n<meta property=\"article:modified_time\" content=\"2026-03-20T06:52:23+00:00\" \/>\n<meta property=\"og:image\" content=\"https:\/\/hrjik.fhs.hr\/wp-content\/uploads\/2025\/02\/1024x1024prozirni.png\" \/>\n\t<meta property=\"og:image:width\" content=\"1024\" \/>\n\t<meta property=\"og:image:height\" content=\"1024\" \/>\n\t<meta property=\"og:image:type\" content=\"image\/png\" \/>\n<meta name=\"twitter:card\" content=\"summary_large_image\" \/>\n<meta name=\"twitter:label1\" content=\"Estimated reading time\" \/>\n\t<meta name=\"twitter:data1\" content=\"3 minutes\" \/>\n<script type=\"application\/ld+json\" class=\"yoast-schema-graph\">{\"@context\":\"https:\\\/\\\/schema.org\",\"@graph\":[{\"@type\":\"WebPage\",\"@id\":\"https:\\\/\\\/hrjik.fhs.hr\\\/sponzori-i-medijski-pokrovitelji-konferencije\\\/\",\"url\":\"https:\\\/\\\/hrjik.fhs.hr\\\/sponzori-i-medijski-pokrovitelji-konferencije\\\/\",\"name\":\"Sponzori i medijski pokrovitelji konferencije - Hrvatski jezik i kultura u inozemstvu: pogled u pro\u0161lost, sada\u0161njost, budu\u0107nost\",\"isPartOf\":{\"@id\":\"https:\\\/\\\/hrjik.fhs.hr\\\/#website\"},\"primaryImageOfPage\":{\"@id\":\"https:\\\/\\\/hrjik.fhs.hr\\\/sponzori-i-medijski-pokrovitelji-konferencije\\\/#primaryimage\"},\"image\":{\"@id\":\"https:\\\/\\\/hrjik.fhs.hr\\\/sponzori-i-medijski-pokrovitelji-konferencije\\\/#primaryimage\"},\"thumbnailUrl\":\"https:\\\/\\\/hrjik.fhs.hr\\\/wp-content\\\/uploads\\\/2025\\\/02\\\/1024x1024prozirni.png\",\"datePublished\":\"2025-02-14T09:48:42+00:00\",\"dateModified\":\"2026-03-20T06:52:23+00:00\",\"breadcrumb\":{\"@id\":\"https:\\\/\\\/hrjik.fhs.hr\\\/sponzori-i-medijski-pokrovitelji-konferencije\\\/#breadcrumb\"},\"inLanguage\":\"en-GB\",\"potentialAction\":[{\"@type\":\"ReadAction\",\"target\":[\"https:\\\/\\\/hrjik.fhs.hr\\\/sponzori-i-medijski-pokrovitelji-konferencije\\\/\"]}]},{\"@type\":\"ImageObject\",\"inLanguage\":\"en-GB\",\"@id\":\"https:\\\/\\\/hrjik.fhs.hr\\\/sponzori-i-medijski-pokrovitelji-konferencije\\\/#primaryimage\",\"url\":\"https:\\\/\\\/hrjik.fhs.hr\\\/wp-content\\\/uploads\\\/2025\\\/02\\\/1024x1024prozirni.png\",\"contentUrl\":\"https:\\\/\\\/hrjik.fhs.hr\\\/wp-content\\\/uploads\\\/2025\\\/02\\\/1024x1024prozirni.png\",\"width\":1024,\"height\":1024},{\"@type\":\"BreadcrumbList\",\"@id\":\"https:\\\/\\\/hrjik.fhs.hr\\\/sponzori-i-medijski-pokrovitelji-konferencije\\\/#breadcrumb\",\"itemListElement\":[{\"@type\":\"ListItem\",\"position\":1,\"name\":\"Po\u010detna stranica\",\"item\":\"https:\\\/\\\/hrjik.fhs.hr\\\/\"},{\"@type\":\"ListItem\",\"position\":2,\"name\":\"Sponzori i medijski pokrovitelji konferencije\"}]},{\"@type\":\"WebSite\",\"@id\":\"https:\\\/\\\/hrjik.fhs.hr\\\/#website\",\"url\":\"https:\\\/\\\/hrjik.fhs.hr\\\/\",\"name\":\"Hrvatski jezik i kultura u inozemstvu: pogled u pro\u0161lost, sada\u0161njost, budu\u0107nost\",\"description\":\"Me\u0111unarodni znanstveno-stru\u010dni skup organizira se zbog potrebe aktualiziranja znanstvenih istra\u017eivanja koja se ti\u010du hrvatske iseljeni\u010dke problematike, kolektivnih sastavnica nacionalnoga identiteta te o\u010duvanja hrvatskoga jezika i kulture u inozemstvu s posebnim naglaskom na hrvatski kao ini jezik\",\"publisher\":{\"@id\":\"https:\\\/\\\/hrjik.fhs.hr\\\/#organization\"},\"potentialAction\":[{\"@type\":\"SearchAction\",\"target\":{\"@type\":\"EntryPoint\",\"urlTemplate\":\"https:\\\/\\\/hrjik.fhs.hr\\\/?s={search_term_string}\"},\"query-input\":{\"@type\":\"PropertyValueSpecification\",\"valueRequired\":true,\"valueName\":\"search_term_string\"}}],\"inLanguage\":\"en-GB\"},{\"@type\":\"Organization\",\"@id\":\"https:\\\/\\\/hrjik.fhs.hr\\\/#organization\",\"name\":\"Hrvatski jezik i kultura u inozemstvu: pogled u pro\u0161lost, sada\u0161njost, budu\u0107nost\",\"url\":\"https:\\\/\\\/hrjik.fhs.hr\\\/\",\"logo\":{\"@type\":\"ImageObject\",\"inLanguage\":\"en-GB\",\"@id\":\"https:\\\/\\\/hrjik.fhs.hr\\\/#\\\/schema\\\/logo\\\/image\\\/\",\"url\":\"https:\\\/\\\/hrjik.fhs.hr\\\/wp-content\\\/uploads\\\/2025\\\/02\\\/500x500-prozirni.png\",\"contentUrl\":\"https:\\\/\\\/hrjik.fhs.hr\\\/wp-content\\\/uploads\\\/2025\\\/02\\\/500x500-prozirni.png\",\"width\":500,\"height\":500,\"caption\":\"Hrvatski jezik i kultura u inozemstvu: pogled u pro\u0161lost, sada\u0161njost, budu\u0107nost\"},\"image\":{\"@id\":\"https:\\\/\\\/hrjik.fhs.hr\\\/#\\\/schema\\\/logo\\\/image\\\/\"},\"sameAs\":[\"https:\\\/\\\/www.facebook.com\\\/profile.php?id=61573132138713\"]}]}<\/script>\n<!-- \/ Yoast SEO plugin. -->","yoast_head_json":{"title":"Sponzori i medijski pokrovitelji konferencije - Hrvatski jezik i kultura u inozemstvu: pogled u pro\u0161lost, sada\u0161njost, budu\u0107nost","robots":{"index":"index","follow":"follow","max-snippet":"max-snippet:-1","max-image-preview":"max-image-preview:large","max-video-preview":"max-video-preview:-1"},"canonical":"https:\/\/hrjik.fhs.hr\/en\/sponzori-i-medijski-pokrovitelji-konferencije\/","og_locale":"en_GB","og_type":"article","og_title":"Sponzori i medijski pokrovitelji konferencije - Hrvatski jezik i kultura u inozemstvu: pogled u pro\u0161lost, sada\u0161njost, budu\u0107nost","og_description":"Hrvatski jezik i kultura u inozemstvu: pogled u pro\u0161lost, sada\u0161njost, budu\u0107nost Suorganizatori konferencije Pokrovitelji","og_url":"https:\/\/hrjik.fhs.hr\/en\/sponzori-i-medijski-pokrovitelji-konferencije\/","og_site_name":"Hrvatski jezik i kultura u inozemstvu: pogled u pro\u0161lost, sada\u0161njost, budu\u0107nost","article_publisher":"https:\/\/www.facebook.com\/profile.php?id=61573132138713","article_modified_time":"2026-03-20T06:52:23+00:00","og_image":[{"width":1024,"height":1024,"url":"https:\/\/hrjik.fhs.hr\/wp-content\/uploads\/2025\/02\/1024x1024prozirni.png","type":"image\/png"}],"twitter_card":"summary_large_image","twitter_misc":{"Estimated reading time":"3 minutes"},"schema":{"@context":"https:\/\/schema.org","@graph":[{"@type":"WebPage","@id":"https:\/\/hrjik.fhs.hr\/sponzori-i-medijski-pokrovitelji-konferencije\/","url":"https:\/\/hrjik.fhs.hr\/sponzori-i-medijski-pokrovitelji-konferencije\/","name":"Sponzori i medijski pokrovitelji konferencije - Hrvatski jezik i kultura u inozemstvu: pogled u pro\u0161lost, sada\u0161njost, budu\u0107nost","isPartOf":{"@id":"https:\/\/hrjik.fhs.hr\/#website"},"primaryImageOfPage":{"@id":"https:\/\/hrjik.fhs.hr\/sponzori-i-medijski-pokrovitelji-konferencije\/#primaryimage"},"image":{"@id":"https:\/\/hrjik.fhs.hr\/sponzori-i-medijski-pokrovitelji-konferencije\/#primaryimage"},"thumbnailUrl":"https:\/\/hrjik.fhs.hr\/wp-content\/uploads\/2025\/02\/1024x1024prozirni.png","datePublished":"2025-02-14T09:48:42+00:00","dateModified":"2026-03-20T06:52:23+00:00","breadcrumb":{"@id":"https:\/\/hrjik.fhs.hr\/sponzori-i-medijski-pokrovitelji-konferencije\/#breadcrumb"},"inLanguage":"en-GB","potentialAction":[{"@type":"ReadAction","target":["https:\/\/hrjik.fhs.hr\/sponzori-i-medijski-pokrovitelji-konferencije\/"]}]},{"@type":"ImageObject","inLanguage":"en-GB","@id":"https:\/\/hrjik.fhs.hr\/sponzori-i-medijski-pokrovitelji-konferencije\/#primaryimage","url":"https:\/\/hrjik.fhs.hr\/wp-content\/uploads\/2025\/02\/1024x1024prozirni.png","contentUrl":"https:\/\/hrjik.fhs.hr\/wp-content\/uploads\/2025\/02\/1024x1024prozirni.png","width":1024,"height":1024},{"@type":"BreadcrumbList","@id":"https:\/\/hrjik.fhs.hr\/sponzori-i-medijski-pokrovitelji-konferencije\/#breadcrumb","itemListElement":[{"@type":"ListItem","position":1,"name":"Po\u010detna stranica","item":"https:\/\/hrjik.fhs.hr\/"},{"@type":"ListItem","position":2,"name":"Sponzori i medijski pokrovitelji konferencije"}]},{"@type":"WebSite","@id":"https:\/\/hrjik.fhs.hr\/#website","url":"https:\/\/hrjik.fhs.hr\/","name":"Croatian Language and Culture Abroad: Exploring the Past, Present, and Future","description":"Me\u0111unarodni znanstveno-stru\u010dni skup organizira se zbog potrebe aktualiziranja znanstvenih istra\u017eivanja koja se ti\u010du hrvatske iseljeni\u010dke problematike, kolektivnih sastavnica nacionalnoga identiteta te o\u010duvanja hrvatskoga jezika i kulture u inozemstvu s posebnim naglaskom na hrvatski kao ini jezik","publisher":{"@id":"https:\/\/hrjik.fhs.hr\/#organization"},"potentialAction":[{"@type":"SearchAction","target":{"@type":"EntryPoint","urlTemplate":"https:\/\/hrjik.fhs.hr\/?s={search_term_string}"},"query-input":{"@type":"PropertyValueSpecification","valueRequired":true,"valueName":"search_term_string"}}],"inLanguage":"en-GB"},{"@type":"Organization","@id":"https:\/\/hrjik.fhs.hr\/#organization","name":"Croatian Language and Culture Abroad: Exploring the Past, Present, and Future","url":"https:\/\/hrjik.fhs.hr\/","logo":{"@type":"ImageObject","inLanguage":"en-GB","@id":"https:\/\/hrjik.fhs.hr\/#\/schema\/logo\/image\/","url":"https:\/\/hrjik.fhs.hr\/wp-content\/uploads\/2025\/02\/500x500-prozirni.png","contentUrl":"https:\/\/hrjik.fhs.hr\/wp-content\/uploads\/2025\/02\/500x500-prozirni.png","width":500,"height":500,"caption":"Hrvatski jezik i kultura u inozemstvu: pogled u pro\u0161lost, sada\u0161njost, budu\u0107nost"},"image":{"@id":"https:\/\/hrjik.fhs.hr\/#\/schema\/logo\/image\/"},"sameAs":["https:\/\/www.facebook.com\/profile.php?id=61573132138713"]}]}},"uagb_featured_image_src":{"full":["https:\/\/hrjik.fhs.hr\/wp-content\/uploads\/2025\/02\/1024x1024prozirni.png",1024,1024,false],"thumbnail":["https:\/\/hrjik.fhs.hr\/wp-content\/uploads\/2025\/02\/1024x1024prozirni-150x150.png",150,150,true],"medium":["https:\/\/hrjik.fhs.hr\/wp-content\/uploads\/2025\/02\/1024x1024prozirni-300x300.png",300,300,true],"medium_large":["https:\/\/hrjik.fhs.hr\/wp-content\/uploads\/2025\/02\/1024x1024prozirni-768x768.png",768,768,true],"large":["https:\/\/hrjik.fhs.hr\/wp-content\/uploads\/2025\/02\/1024x1024prozirni.png",1024,1024,false],"1536x1536":["https:\/\/hrjik.fhs.hr\/wp-content\/uploads\/2025\/02\/1024x1024prozirni.png",1024,1024,false],"2048x2048":["https:\/\/hrjik.fhs.hr\/wp-content\/uploads\/2025\/02\/1024x1024prozirni.png",1024,1024,false],"trp-custom-language-flag":["https:\/\/hrjik.fhs.hr\/wp-content\/uploads\/2025\/02\/1024x1024prozirni-12x12.png",12,12,true]},"uagb_author_info":{"display_name":"hrjik_admin","author_link":"https:\/\/hrjik.fhs.hr\/en\/author\/hrjik_admin\/"},"uagb_comment_info":0,"uagb_excerpt":"Hrvatski jezik i kultura u inozemstvu: pogled u pro\u0161lost, sada\u0161njost, budu\u0107nost Suorganizatori konferencije Pokrovitelji","_links":{"self":[{"href":"https:\/\/hrjik.fhs.hr\/en\/wp-json\/wp\/v2\/pages\/3171","targetHints":{"allow":["GET"]}}],"collection":[{"href":"https:\/\/hrjik.fhs.hr\/en\/wp-json\/wp\/v2\/pages"}],"about":[{"href":"https:\/\/hrjik.fhs.hr\/en\/wp-json\/wp\/v2\/types\/page"}],"author":[{"embeddable":true,"href":"https:\/\/hrjik.fhs.hr\/en\/wp-json\/wp\/v2\/users\/1"}],"replies":[{"embeddable":true,"href":"https:\/\/hrjik.fhs.hr\/en\/wp-json\/wp\/v2\/comments?post=3171"}],"version-history":[{"count":19,"href":"https:\/\/hrjik.fhs.hr\/en\/wp-json\/wp\/v2\/pages\/3171\/revisions"}],"predecessor-version":[{"id":4006,"href":"https:\/\/hrjik.fhs.hr\/en\/wp-json\/wp\/v2\/pages\/3171\/revisions\/4006"}],"wp:featuredmedia":[{"embeddable":true,"href":"https:\/\/hrjik.fhs.hr\/en\/wp-json\/wp\/v2\/media\/3269"}],"wp:attachment":[{"href":"https:\/\/hrjik.fhs.hr\/en\/wp-json\/wp\/v2\/media?parent=3171"}],"curies":[{"name":"wp","href":"https:\/\/api.w.org\/{rel}","templated":true}]}}