{"id":3167,"date":"2025-02-14T10:49:27","date_gmt":"2025-02-14T09:49:27","guid":{"rendered":"https:\/\/hrjik.fhs.hr\/?page_id=3167"},"modified":"2026-03-20T07:52:23","modified_gmt":"2026-03-20T06:52:23","slug":"upute-za-izlagace","status":"publish","type":"page","link":"https:\/\/hrjik.fhs.hr\/en\/upute-za-izlagace\/","title":{"rendered":"Instructions for presenters"},"content":{"rendered":"<div class=\"wp-block-uagb-container uagb-layout-flex uagb-block-c3a56ca2 alignfull uagb-is-root-container\">\n<div class=\"wp-block-uagb-advanced-heading uagb-block-2ad36393\"><h1 class=\"uagb-heading-text\">Croatian Language and Culture Abroad: <\/h1><p class=\"uagb-desc-text\">Exploring the Past, Present and Future<\/p><\/div>\n<\/div>\n\n\n\n<div class=\"wp-block-uagb-container uagb-block-1d205cf6 alignfull uagb-is-root-container\"><div class=\"uagb-container__shape uagb-container__shape-top uagb-container__shape-flip\"><svg xmlns=\"https:\/\/www.w3.org\/2000\/svg\" viewbox=\"0 0 1000 100\" preserveaspectratio=\"none\"><path class=\"uagb-container__shape-fill\" d=\"M0,6V0h1000v100L0,6z\"><\/path><\/svg><\/div><div class=\"uagb-container__shape uagb-container__shape-bottom uagb-container__shape-flip uagb-container__invert\" data-negative=\"false\"><svg xmlns=\"https:\/\/www.w3.org\/2000\/svg\" viewbox=\"0 0 1000 100\" preserveaspectratio=\"none\"><path class=\"uagb-container__shape-fill\" d=\"M0,6V0h1000v100L0,6z\"><\/path><\/svg><\/div><div class=\"uagb-container-inner-blocks-wrap\">\n<div class=\"wp-block-uagb-advanced-heading uagb-block-ec04a0c3\"><h2 class=\"uagb-heading-text\">Presentation<\/h2><\/div>\n\n\n\n<div class=\"wp-block-uagb-info-box uagb-block-1c7becf4 uagb-infobox__content-wrap  uagb-infobox-icon-above-title uagb-infobox-image-valign-top\"><div class=\"uagb-ifb-content\"><div class=\"uagb-ifb-title-wrap\"><\/div><p class=\"uagb-ifb-desc\"><br><strong>Presentations must be prepared using the official conference template.<\/strong><br>&nbsp;<br>The duration of the presentation (<em>online<\/em> The discussion is scheduled to take place after all presentations in the session.<br>&nbsp;<br>Those who will not be able to participate in person, but only online should send their presentations, prepared on the official template, to <a href=\"mailto:hrjik@fhs.hr\">hrjik@fhs.hr<\/a> by 25 October 2025. Presenters who want to participate in the conference, but will not be able to present online during the conference should also send their presentations, along with an audio or video of the presentation, to&nbsp;<a href=\"mailto:hrjik@fhs.hr\">hrjik@fhs.hr<\/a>&nbsp;25 October 2025<br><br><strong>You can download the presentation template <a href=\"https:\/\/hrjik.fhs.hr\/wp-content\/uploads\/2025\/02\/Presentation-template.pptx\">here<\/a><\/strong>.<\/p><\/div><\/div>\n<\/div><\/div>\n\n\n\n<div class=\"wp-block-uagb-container uagb-block-941fc800 alignfull uagb-is-root-container\"><div class=\"uagb-container__shape uagb-container__shape-top\"><svg xmlns=\"https:\/\/www.w3.org\/2000\/svg\" viewbox=\"0 0 937.5 120\" preserveaspectratio=\"none\"><path class=\"uagb-container__shape-fill\" d=\"M937,129.8V-0.1H0v129.9C0,62.6,209.6,8.2,468.4,8.2S936.9,62.6,937,129.8z\"><\/path><\/svg><\/div><div class=\"uagb-container-inner-blocks-wrap\">\n<div class=\"wp-block-uagb-advanced-heading uagb-block-abbb4aa9\"><h2 class=\"uagb-heading-text\">Survey<\/h2><div class=\"uagb-separator\"><\/div><\/div>\n\n\n\n<div class=\"forminator-guttenberg\"><form\n\t\t\t\tid=\"forminator-module-3829\"\n\t\t\t\tclass=\"forminator-ui forminator-poll forminator-poll-3829 forminator-design--default\"\n\t\t\t\tmethod=\"post\"\n\t\t\t\tdata-forminator-render=\"0\"\n\t\t\t\tdata-form-id=\"3829\"\n\t\t\t\t data-color-option=\"default\" data-design=\"default\" style=\"display: none;\"\n\t\t\t\tdata-uid=\"69f8bc8a1486e\" action=\"\"\n\t\t\t><div role=\"alert\" aria-live=\"polite\" class=\"forminator-response-message\" aria-hidden=\"true\"><\/div><div class=\"forminator-poll-header\"><span id=\"forminator-poll-3829--title\" class=\"forminator-question forminator-poll--question\">Following my presentation at the conference, I plan to submit a full paper for the peer-review process.<\/span><\/div><div class=\"forminator-poll-body\"><div role=\"radiogroup\" class=\"forminator-field\" aria-labelledby=\"forminator-poll-3829--title\"><label for=\"3829-0-answer-1\" class=\"forminator-radio\"><input id=\"3829-0-answer-1\" type=\"radio\" data-required=\"\" name=\"3829\" value=\"answer-1\"  \/><span class=\"forminator-radio-bullet\" aria-hidden=\"true\"><\/span><span class=\"forminator-radio-label\">Yes<\/span><\/label><label for=\"3829-0-answer-2\" class=\"forminator-radio\"><input id=\"3829-0-answer-2\" type=\"radio\" data-required=\"\" name=\"3829\" value=\"answer-2\"  \/><span class=\"forminator-radio-bullet\" aria-hidden=\"true\"><\/span><span class=\"forminator-radio-label\">No<\/span><\/label><\/div><\/div><input type=\"hidden\" name=\"referer_url\" value=\"\" \/><div class=\"forminator-poll-footer forminator-poll--actions\"><button class=\"forminator-button forminator-button-submit\" ><span>Submit<\/span><i class=\"forminator-icon-loader forminator-loading\" aria-hidden=\"true\"><\/i><\/button><\/div><input type=\"hidden\" id=\"forminator_nonce\" name=\"forminator_nonce\" value=\"9f1e48a71c\" \/><input type=\"hidden\" name=\"_wp_http_referer\" value=\"\/en\/wp-json\/wp\/v2\/pages\/3167\" \/><input type=\"hidden\" name=\"form_id\" value=\"3829\"><input type=\"hidden\" name=\"page_id\" value=\"3167\"><input type=\"hidden\" name=\"render_id\" value=\"0\"><input type=\"hidden\" name=\"action\" value=\"forminator_submit_form_poll\"><input type=\"hidden\" name=\"trp-form-language\" value=\"en\"\/><\/form><\/div>\n<\/div><\/div>","protected":false},"excerpt":{"rendered":"<p>Hrvatski jezik i kultura u inozemstvu: pogled u pro\u0161lost, sada\u0161njost, budu\u0107nost Prezentacija Anketa<\/p>","protected":false},"author":1,"featured_media":0,"parent":0,"menu_order":0,"comment_status":"closed","ping_status":"closed","template":"","meta":{"_uag_custom_page_level_css":"","site-sidebar-layout":"default","site-content-layout":"","ast-site-content-layout":"default","site-content-style":"default","site-sidebar-style":"default","ast-global-header-display":"","ast-banner-title-visibility":"","ast-main-header-display":"","ast-hfb-above-header-display":"","ast-hfb-below-header-display":"","ast-hfb-mobile-header-display":"","site-post-title":"disabled","ast-breadcrumbs-content":"","ast-featured-img":"","footer-sml-layout":"","ast-disable-related-posts":"","theme-transparent-header-meta":"","adv-header-id-meta":"","stick-header-meta":"","header-above-stick-meta":"","header-main-stick-meta":"","header-below-stick-meta":"","astra-migrate-meta-layouts":"set","ast-page-background-enabled":"default","ast-page-background-meta":{"desktop":{"background-color":"","background-image":"","background-repeat":"repeat","background-position":"center center","background-size":"auto","background-attachment":"scroll","background-type":"","background-media":"","overlay-type":"","overlay-color":"","overlay-opacity":"","overlay-gradient":""},"tablet":{"background-color":"","background-image":"","background-repeat":"repeat","background-position":"center center","background-size":"auto","background-attachment":"scroll","background-type":"","background-media":"","overlay-type":"","overlay-color":"","overlay-opacity":"","overlay-gradient":""},"mobile":{"background-color":"","background-image":"","background-repeat":"repeat","background-position":"center center","background-size":"auto","background-attachment":"scroll","background-type":"","background-media":"","overlay-type":"","overlay-color":"","overlay-opacity":"","overlay-gradient":""}},"ast-content-background-meta":{"desktop":{"background-color":"var(--ast-global-color-5)","background-image":"","background-repeat":"repeat","background-position":"center center","background-size":"auto","background-attachment":"scroll","background-type":"","background-media":"","overlay-type":"","overlay-color":"","overlay-opacity":"","overlay-gradient":""},"tablet":{"background-color":"var(--ast-global-color-5)","background-image":"","background-repeat":"repeat","background-position":"center center","background-size":"auto","background-attachment":"scroll","background-type":"","background-media":"","overlay-type":"","overlay-color":"","overlay-opacity":"","overlay-gradient":""},"mobile":{"background-color":"var(--ast-global-color-5)","background-image":"","background-repeat":"repeat","background-position":"center center","background-size":"auto","background-attachment":"scroll","background-type":"","background-media":"","overlay-type":"","overlay-color":"","overlay-opacity":"","overlay-gradient":""}},"footnotes":""},"class_list":["post-3167","page","type-page","status-publish","hentry"],"yoast_head":"<!-- This site is optimized with the Yoast SEO plugin v27.4 - https:\/\/yoast.com\/product\/yoast-seo-wordpress\/ -->\n<title>Upute za izlaga\u010de - Hrvatski jezik i kultura u inozemstvu: pogled u pro\u0161lost, sada\u0161njost, budu\u0107nost<\/title>\n<meta name=\"robots\" content=\"index, follow, max-snippet:-1, max-image-preview:large, max-video-preview:-1\" \/>\n<link rel=\"canonical\" href=\"https:\/\/hrjik.fhs.hr\/en\/upute-za-izlagace\/\" \/>\n<meta property=\"og:locale\" content=\"en_GB\" \/>\n<meta property=\"og:type\" content=\"article\" \/>\n<meta property=\"og:title\" content=\"Upute za izlaga\u010de - Hrvatski jezik i kultura u inozemstvu: pogled u pro\u0161lost, sada\u0161njost, budu\u0107nost\" \/>\n<meta property=\"og:description\" content=\"Hrvatski jezik i kultura u inozemstvu: pogled u pro\u0161lost, sada\u0161njost, budu\u0107nost Prezentacija Anketa\" \/>\n<meta property=\"og:url\" content=\"https:\/\/hrjik.fhs.hr\/en\/upute-za-izlagace\/\" \/>\n<meta property=\"og:site_name\" content=\"Hrvatski jezik i kultura u inozemstvu: pogled u pro\u0161lost, sada\u0161njost, budu\u0107nost\" \/>\n<meta property=\"article:publisher\" content=\"https:\/\/www.facebook.com\/profile.php?id=61573132138713\" \/>\n<meta property=\"article:modified_time\" content=\"2026-03-20T06:52:23+00:00\" \/>\n<meta property=\"og:image\" content=\"https:\/\/hrjik.fhs.hr\/wp-content\/uploads\/2025\/02\/500x500-prozirni-e1739802905353.png\" \/>\n\t<meta property=\"og:image:width\" content=\"200\" \/>\n\t<meta property=\"og:image:height\" content=\"200\" \/>\n\t<meta property=\"og:image:type\" content=\"image\/png\" \/>\n<meta name=\"twitter:card\" content=\"summary_large_image\" \/>\n<meta name=\"twitter:label1\" content=\"Estimated reading time\" \/>\n\t<meta name=\"twitter:data1\" content=\"1 minute\" \/>\n<script type=\"application\/ld+json\" class=\"yoast-schema-graph\">{\"@context\":\"https:\\\/\\\/schema.org\",\"@graph\":[{\"@type\":\"WebPage\",\"@id\":\"https:\\\/\\\/hrjik.fhs.hr\\\/upute-za-izlagace\\\/\",\"url\":\"https:\\\/\\\/hrjik.fhs.hr\\\/upute-za-izlagace\\\/\",\"name\":\"Upute za izlaga\u010de - Hrvatski jezik i kultura u inozemstvu: pogled u pro\u0161lost, sada\u0161njost, budu\u0107nost\",\"isPartOf\":{\"@id\":\"https:\\\/\\\/hrjik.fhs.hr\\\/#website\"},\"datePublished\":\"2025-02-14T09:49:27+00:00\",\"dateModified\":\"2026-03-20T06:52:23+00:00\",\"breadcrumb\":{\"@id\":\"https:\\\/\\\/hrjik.fhs.hr\\\/upute-za-izlagace\\\/#breadcrumb\"},\"inLanguage\":\"en-GB\",\"potentialAction\":[{\"@type\":\"ReadAction\",\"target\":[\"https:\\\/\\\/hrjik.fhs.hr\\\/upute-za-izlagace\\\/\"]}]},{\"@type\":\"BreadcrumbList\",\"@id\":\"https:\\\/\\\/hrjik.fhs.hr\\\/upute-za-izlagace\\\/#breadcrumb\",\"itemListElement\":[{\"@type\":\"ListItem\",\"position\":1,\"name\":\"Po\u010detna stranica\",\"item\":\"https:\\\/\\\/hrjik.fhs.hr\\\/\"},{\"@type\":\"ListItem\",\"position\":2,\"name\":\"Upute za izlaga\u010de\"}]},{\"@type\":\"WebSite\",\"@id\":\"https:\\\/\\\/hrjik.fhs.hr\\\/#website\",\"url\":\"https:\\\/\\\/hrjik.fhs.hr\\\/\",\"name\":\"Hrvatski jezik i kultura u inozemstvu: pogled u pro\u0161lost, sada\u0161njost, budu\u0107nost\",\"description\":\"Me\u0111unarodni znanstveno-stru\u010dni skup organizira se zbog potrebe aktualiziranja znanstvenih istra\u017eivanja koja se ti\u010du hrvatske iseljeni\u010dke problematike, kolektivnih sastavnica nacionalnoga identiteta te o\u010duvanja hrvatskoga jezika i kulture u inozemstvu s posebnim naglaskom na hrvatski kao ini jezik\",\"publisher\":{\"@id\":\"https:\\\/\\\/hrjik.fhs.hr\\\/#organization\"},\"potentialAction\":[{\"@type\":\"SearchAction\",\"target\":{\"@type\":\"EntryPoint\",\"urlTemplate\":\"https:\\\/\\\/hrjik.fhs.hr\\\/?s={search_term_string}\"},\"query-input\":{\"@type\":\"PropertyValueSpecification\",\"valueRequired\":true,\"valueName\":\"search_term_string\"}}],\"inLanguage\":\"en-GB\"},{\"@type\":\"Organization\",\"@id\":\"https:\\\/\\\/hrjik.fhs.hr\\\/#organization\",\"name\":\"Hrvatski jezik i kultura u inozemstvu: pogled u pro\u0161lost, sada\u0161njost, budu\u0107nost\",\"url\":\"https:\\\/\\\/hrjik.fhs.hr\\\/\",\"logo\":{\"@type\":\"ImageObject\",\"inLanguage\":\"en-GB\",\"@id\":\"https:\\\/\\\/hrjik.fhs.hr\\\/#\\\/schema\\\/logo\\\/image\\\/\",\"url\":\"https:\\\/\\\/hrjik.fhs.hr\\\/wp-content\\\/uploads\\\/2025\\\/02\\\/500x500-prozirni.png\",\"contentUrl\":\"https:\\\/\\\/hrjik.fhs.hr\\\/wp-content\\\/uploads\\\/2025\\\/02\\\/500x500-prozirni.png\",\"width\":500,\"height\":500,\"caption\":\"Hrvatski jezik i kultura u inozemstvu: pogled u pro\u0161lost, sada\u0161njost, budu\u0107nost\"},\"image\":{\"@id\":\"https:\\\/\\\/hrjik.fhs.hr\\\/#\\\/schema\\\/logo\\\/image\\\/\"},\"sameAs\":[\"https:\\\/\\\/www.facebook.com\\\/profile.php?id=61573132138713\"]}]}<\/script>\n<!-- \/ Yoast SEO plugin. -->","yoast_head_json":{"title":"Upute za izlaga\u010de - Hrvatski jezik i kultura u inozemstvu: pogled u pro\u0161lost, sada\u0161njost, budu\u0107nost","robots":{"index":"index","follow":"follow","max-snippet":"max-snippet:-1","max-image-preview":"max-image-preview:large","max-video-preview":"max-video-preview:-1"},"canonical":"https:\/\/hrjik.fhs.hr\/en\/upute-za-izlagace\/","og_locale":"en_GB","og_type":"article","og_title":"Upute za izlaga\u010de - Hrvatski jezik i kultura u inozemstvu: pogled u pro\u0161lost, sada\u0161njost, budu\u0107nost","og_description":"Hrvatski jezik i kultura u inozemstvu: pogled u pro\u0161lost, sada\u0161njost, budu\u0107nost Prezentacija Anketa","og_url":"https:\/\/hrjik.fhs.hr\/en\/upute-za-izlagace\/","og_site_name":"Hrvatski jezik i kultura u inozemstvu: pogled u pro\u0161lost, sada\u0161njost, budu\u0107nost","article_publisher":"https:\/\/www.facebook.com\/profile.php?id=61573132138713","article_modified_time":"2026-03-20T06:52:23+00:00","og_image":[{"width":200,"height":200,"url":"https:\/\/hrjik.fhs.hr\/wp-content\/uploads\/2025\/02\/500x500-prozirni-e1739802905353.png","type":"image\/png"}],"twitter_card":"summary_large_image","twitter_misc":{"Estimated reading time":"1 minute"},"schema":{"@context":"https:\/\/schema.org","@graph":[{"@type":"WebPage","@id":"https:\/\/hrjik.fhs.hr\/upute-za-izlagace\/","url":"https:\/\/hrjik.fhs.hr\/upute-za-izlagace\/","name":"Upute za izlaga\u010de - Hrvatski jezik i kultura u inozemstvu: pogled u pro\u0161lost, sada\u0161njost, budu\u0107nost","isPartOf":{"@id":"https:\/\/hrjik.fhs.hr\/#website"},"datePublished":"2025-02-14T09:49:27+00:00","dateModified":"2026-03-20T06:52:23+00:00","breadcrumb":{"@id":"https:\/\/hrjik.fhs.hr\/upute-za-izlagace\/#breadcrumb"},"inLanguage":"en-GB","potentialAction":[{"@type":"ReadAction","target":["https:\/\/hrjik.fhs.hr\/upute-za-izlagace\/"]}]},{"@type":"BreadcrumbList","@id":"https:\/\/hrjik.fhs.hr\/upute-za-izlagace\/#breadcrumb","itemListElement":[{"@type":"ListItem","position":1,"name":"Po\u010detna stranica","item":"https:\/\/hrjik.fhs.hr\/"},{"@type":"ListItem","position":2,"name":"Upute za izlaga\u010de"}]},{"@type":"WebSite","@id":"https:\/\/hrjik.fhs.hr\/#website","url":"https:\/\/hrjik.fhs.hr\/","name":"Croatian Language and Culture Abroad: Exploring the Past, Present, and Future","description":"Me\u0111unarodni znanstveno-stru\u010dni skup organizira se zbog potrebe aktualiziranja znanstvenih istra\u017eivanja koja se ti\u010du hrvatske iseljeni\u010dke problematike, kolektivnih sastavnica nacionalnoga identiteta te o\u010duvanja hrvatskoga jezika i kulture u inozemstvu s posebnim naglaskom na hrvatski kao ini jezik","publisher":{"@id":"https:\/\/hrjik.fhs.hr\/#organization"},"potentialAction":[{"@type":"SearchAction","target":{"@type":"EntryPoint","urlTemplate":"https:\/\/hrjik.fhs.hr\/?s={search_term_string}"},"query-input":{"@type":"PropertyValueSpecification","valueRequired":true,"valueName":"search_term_string"}}],"inLanguage":"en-GB"},{"@type":"Organization","@id":"https:\/\/hrjik.fhs.hr\/#organization","name":"Croatian Language and Culture Abroad: Exploring the Past, Present, and Future","url":"https:\/\/hrjik.fhs.hr\/","logo":{"@type":"ImageObject","inLanguage":"en-GB","@id":"https:\/\/hrjik.fhs.hr\/#\/schema\/logo\/image\/","url":"https:\/\/hrjik.fhs.hr\/wp-content\/uploads\/2025\/02\/500x500-prozirni.png","contentUrl":"https:\/\/hrjik.fhs.hr\/wp-content\/uploads\/2025\/02\/500x500-prozirni.png","width":500,"height":500,"caption":"Hrvatski jezik i kultura u inozemstvu: pogled u pro\u0161lost, sada\u0161njost, budu\u0107nost"},"image":{"@id":"https:\/\/hrjik.fhs.hr\/#\/schema\/logo\/image\/"},"sameAs":["https:\/\/www.facebook.com\/profile.php?id=61573132138713"]}]}},"uagb_featured_image_src":{"full":false,"thumbnail":false,"medium":false,"medium_large":false,"large":false,"1536x1536":false,"2048x2048":false,"trp-custom-language-flag":false},"uagb_author_info":{"display_name":"hrjik_admin","author_link":"https:\/\/hrjik.fhs.hr\/en\/author\/hrjik_admin\/"},"uagb_comment_info":0,"uagb_excerpt":"Hrvatski jezik i kultura u inozemstvu: pogled u pro\u0161lost, sada\u0161njost, budu\u0107nost Prezentacija Anketa","_links":{"self":[{"href":"https:\/\/hrjik.fhs.hr\/en\/wp-json\/wp\/v2\/pages\/3167","targetHints":{"allow":["GET"]}}],"collection":[{"href":"https:\/\/hrjik.fhs.hr\/en\/wp-json\/wp\/v2\/pages"}],"about":[{"href":"https:\/\/hrjik.fhs.hr\/en\/wp-json\/wp\/v2\/types\/page"}],"author":[{"embeddable":true,"href":"https:\/\/hrjik.fhs.hr\/en\/wp-json\/wp\/v2\/users\/1"}],"replies":[{"embeddable":true,"href":"https:\/\/hrjik.fhs.hr\/en\/wp-json\/wp\/v2\/comments?post=3167"}],"version-history":[{"count":21,"href":"https:\/\/hrjik.fhs.hr\/en\/wp-json\/wp\/v2\/pages\/3167\/revisions"}],"predecessor-version":[{"id":4013,"href":"https:\/\/hrjik.fhs.hr\/en\/wp-json\/wp\/v2\/pages\/3167\/revisions\/4013"}],"wp:attachment":[{"href":"https:\/\/hrjik.fhs.hr\/en\/wp-json\/wp\/v2\/media?parent=3167"}],"curies":[{"name":"wp","href":"https:\/\/api.w.org\/{rel}","templated":true}]}}