{"id":3,"date":"2024-12-28T10:12:13","date_gmt":"2024-12-28T10:12:13","guid":{"rendered":"https:\/\/hrjik.fhs.hr\/?page_id=3"},"modified":"2026-03-20T07:52:23","modified_gmt":"2026-03-20T06:52:23","slug":"privacy-policy","status":"publish","type":"page","link":"https:\/\/hrjik.fhs.hr\/en\/privacy-policy\/","title":{"rendered":"Privacy notice"},"content":{"rendered":"<div class=\"wp-block-uagb-container uagb-layout-flex uagb-block-c3a56ca2 alignfull uagb-is-root-container\">\n<div class=\"wp-block-uagb-advanced-heading uagb-block-2ad36393\"><h1 class=\"uagb-heading-text\">Croatian Language and Culture Abroad: <\/h1><p class=\"uagb-desc-text\">Exploring the Past, Present and Future<\/p><\/div>\n\n\n\n<div class=\"wp-block-uagb-countdown uagb-block-88a50deb\"><div class=\"wp-block-uagb-countdown__box wp-block-uagb-countdown__box-days\"><div role=\"timer\" aria-live=\"off\" class=\"wp-block-uagb-countdown__time wp-block-uagb-countdown__time-days\">&#8211;<\/div><div class=\"wp-block-uagb-countdown__label\">Days<\/div><\/div><div class=\"wp-block-uagb-countdown__box wp-block-uagb-countdown__box-hours\"><div role=\"timer\" aria-live=\"off\" class=\"wp-block-uagb-countdown__time wp-block-uagb-countdown__time-hours\">&#8211;<\/div><div class=\"wp-block-uagb-countdown__label\">Hours<\/div><\/div><div class=\"wp-block-uagb-countdown__box wp-block-uagb-countdown__box-minutes\"><div role=\"timer\" aria-live=\"off\" class=\"wp-block-uagb-countdown__time wp-block-uagb-countdown__time-minutes\">&#8211;<\/div><div class=\"wp-block-uagb-countdown__label\">Minutes<\/div><\/div><div class=\"wp-block-uagb-countdown__box wp-block-uagb-countdown__box-seconds\"><div role=\"timer\" aria-live=\"off\" class=\"wp-block-uagb-countdown__time wp-block-uagb-countdown__time-seconds\">&#8211;<\/div><div class=\"wp-block-uagb-countdown__label\">Seconds<\/div><\/div><\/div>\n<\/div>\n\n\n\n<div class=\"wp-block-uagb-container uagb-block-bff08f88 alignfull uagb-is-root-container\"><div class=\"uagb-container__shape uagb-container__shape-bottom uagb-container__invert\" data-negative=\"false\"><svg xmlns=\"https:\/\/www.w3.org\/2000\/svg\" viewbox=\"0 0 283.5 27.8\" preserveaspectratio=\"none\"><path class=\"uagb-container__shape-fill\" d=\"M283.5,9.7c0,0-7.3,4.3-14,4.6c-6.8,0.3-12.6,0-20.9-1.5c-11.3-2-33.1-10.1-44.7-5.7\ts-12.1,4.6-18,7.4c-6.6,3.2-20,9.6-36.6,9.3C131.6,23.5,99.5,7.2,86.3,8c-1.4,0.1-6.6,0.8-10.5,2c-3.8,1.2-9.4,3.8-17,4.7\tc-3.2,0.4-8.3,1.1-14.2,0.9c-1.5-0.1-6.3-0.4-12-1.6c-5.7-1.2-11-3.1-15.8-3.7C6.5,9.2,0,10.8,0,10.8V0h283.5V9.7z M260.8,11.3\tc-0.7-1-2-0.4-4.3-0.4c-2.3,0-6.1-1.2-5.8-1.1c0.3,0.1,3.1,1.5,6,1.9C259.7,12.2,261.4,12.3,260.8,11.3z M242.4,8.6\tc0,0-2.4-0.2-5.6-0.9c-3.2-0.8-10.3-2.8-15.1-3.5c-8.2-1.1-15.8,0-15.1,0.1c0.8,0.1,9.6-0.6,17.6,1.1c3.3,0.7,9.3,2.2,12.4,2.7\tC239.9,8.7,242.4,8.6,242.4,8.6z M185.2,8.5c1.7-0.7-13.3,4.7-18.5,6.1c-2.1,0.6-6.2,1.6-10,2c-3.9,0.4-8.9,0.4-8.8,0.5\tc0,0.2,5.8,0.8,11.2,0c5.4-0.8,5.2-1.1,7.6-1.6C170.5,14.7,183.5,9.2,185.2,8.5z M199.1,6.9c0.2,0-0.8-0.4-4.8,1.1\tc-4,1.5-6.7,3.5-6.9,3.7c-0.2,0.1,3.5-1.8,6.6-3C197,7.5,199,6.9,199.1,6.9z M283,6c-0.1,0.1-1.9,1.1-4.8,2.5s-6.9,2.8-6.7,2.7\tc0.2,0,3.5-0.6,7.4-2.5C282.8,6.8,283.1,5.9,283,6z M31.3,11.6c0.1-0.2-1.9-0.2-4.5-1.2s-5.4-1.6-7.8-2C15,7.6,7.3,8.5,7.7,8.6\tC8,8.7,15.9,8.3,20.2,9.3c2.2,0.5,2.4,0.5,5.7,1.6S31.2,11.9,31.3,11.6z M73,9.2c0.4-0.1,3.5-1.6,8.4-2.6c4.9-1.1,8.9-0.5,8.9-0.8\tc0-0.3-1-0.9-6.2-0.3S72.6,9.3,73,9.2z M71.6,6.7C71.8,6.8,75,5.4,77.3,5c2.3-0.3,1.9-0.5,1.9-0.6c0-0.1-1.1-0.2-2.7,0.2\tC74.8,5.1,71.4,6.6,71.6,6.7z M93.6,4.4c0.1,0.2,3.5,0.8,5.6,1.8c2.1,1,1.8,0.6,1.9,0.5c0.1-0.1-0.8-0.8-2.4-1.3\tC97.1,4.8,93.5,4.2,93.6,4.4z M65.4,11.1c-0.1,0.3,0.3,0.5,1.9-0.2s2.6-1.3,2.2-1.2s-0.9,0.4-2.5,0.8C65.3,10.9,65.5,10.8,65.4,11.1\tz M34.5,12.4c-0.2,0,2.1,0.8,3.3,0.9c1.2,0.1,2,0.1,2-0.2c0-0.3-0.1-0.5-1.6-0.4C36.6,12.8,34.7,12.4,34.5,12.4z M152.2,21.1\tc-0.1,0.1-2.4-0.3-7.5-0.3c-5,0-13.6-2.4-17.2-3.5c-3.6-1.1,10,3.9,16.5,4.1C150.5,21.6,152.3,21,152.2,21.1z\"><\/path><path class=\"uagb-container__shape-fill\" d=\"M269.6,18c-0.1-0.1-4.6,0.3-7.2,0c-7.3-0.7-17-3.2-16.6-2.9c0.4,0.3,13.7,3.1,17,3.3\tC267.7,18.8,269.7,18,269.6,18z\"><\/path><path class=\"uagb-container__shape-fill\" d=\"M227.4,9.8c-0.2-0.1-4.5-1-9.5-1.2c-5-0.2-12.7,0.6-12.3,0.5c0.3-0.1,5.9-1.8,13.3-1.2\tS227.6,9.9,227.4,9.8z\"><\/path><path class=\"uagb-container__shape-fill\" d=\"M204.5,13.4c-0.1-0.1,2-1,3.2-1.1c1.2-0.1,2,0,2,0.3c0,0.3-0.1,0.5-1.6,0.4\tC206.4,12.9,204.6,13.5,204.5,13.4z\"><\/path><path class=\"uagb-container__shape-fill\" d=\"M201,10.6c0-0.1-4.4,1.2-6.3,2.2c-1.9,0.9-6.2,3.1-6.1,3.1c0.1,0.1,4.2-1.6,6.3-2.6\tS201,10.7,201,10.6z\"><\/path><path class=\"uagb-container__shape-fill\" d=\"M154.5,26.7c-0.1-0.1-4.6,0.3-7.2,0c-7.3-0.7-17-3.2-16.6-2.9c0.4,0.3,13.7,3.1,17,3.3\tC152.6,27.5,154.6,26.8,154.5,26.7z\"><\/path><path class=\"uagb-container__shape-fill\" d=\"M41.9,19.3c0,0,1.2-0.3,2.9-0.1c1.7,0.2,5.8,0.9,8.2,0.7c4.2-0.4,7.4-2.7,7-2.6\tc-0.4,0-4.3,2.2-8.6,1.9c-1.8-0.1-5.1-0.5-6.7-0.4S41.9,19.3,41.9,19.3z\"><\/path><path class=\"uagb-container__shape-fill\" d=\"M75.5,12.6c0.2,0.1,2-0.8,4.3-1.1c2.3-0.2,2.1-0.3,2.1-0.5c0-0.1-1.8-0.4-3.4,0\tC76.9,11.5,75.3,12.5,75.5,12.6z\"><\/path><path class=\"uagb-container__shape-fill\" d=\"M15.6,13.2c0-0.1,4.3,0,6.7,0.5c2.4,0.5,5,1.9,5,2c0,0.1-2.7-0.8-5.1-1.4\tC19.9,13.7,15.7,13.3,15.6,13.2z\"><\/path><\/svg><\/div><div class=\"uagb-container-inner-blocks-wrap\">\n<div class=\"wp-block-uagb-advanced-heading uagb-block-485843e8\"><h2 class=\"uagb-heading-text\">Privacy notice<\/h2><\/div>\n\n\n\n<div class=\"wp-block-uagb-info-box uagb-block-3c06b12e uagb-infobox__content-wrap  uagb-infobox-icon-above-title uagb-infobox-image-valign-top\"><div class=\"uagb-ifb-content\"><div class=\"uagb-ifb-title-wrap\"><\/div><div class=\"uagb-ifb-separator\"><\/div><p class=\"uagb-ifb-desc\">In compliance with the General Data Protection Regulation (GDPR) and other regulations that mandate rules for the protection of personal data, we wish to describe the personal data we collect in relation to our conference activities, how we process, use, and protect these data, the purposes for which they are used, and your rights concerning the protection of your privacy and personal data. &nbsp;<br>&nbsp;<br><strong>CORE PRINCIPLE OF OUR ACTIVITIES: PROTECTION OF PRIVACY AND PERSONAL DATA<\/strong><br><br>The privacy of individuals and the protection of personal data are fundamental human rights. We at the Faculty of Croatian Studies, University of Zagreb, as the conference organizers, have a duty to care for the privacy of individuals and to protect the personal data of all individuals whose personal data we process and store. Data is a responsibility and must only be collected and processed when necessary.<br>&nbsp;<br>The Faculty of Croatian Studies, University of Zagreb adheres to the following principles to protect the personal data of all conference participants:<br>\u2013 We do not collect more personal data than is necessary<br>\u2013 We do not use personal data for purposes about which you have not been timely informed<br>\u2013 We do not retain your personal data if it is no longer necessary<br>\u2013 We never sell, lend, or distribute personal data<br>\u2013 We do not send personal data to third parties without your knowledge and unless it is lawful<br>\u2013 We do not use any automated processing for making decisions or profiling<br>\u2013 We do not transfer personal data outside the EU\/EEA except for executing international agreements and organizing international conferences, about which we inform you specifically<br>\u2013 We continuously ensure that personal data are securely stored and protected.<br>&nbsp;<br>We invite you to take the time and pay attention to reading the Privacy Policy of the Faculty of Croatian Studies, University of Zagreb, publicly available on the page <a href=\"https:\/\/www.fhs.unizg.hr\/en\/privacy_policy.\">https:\/\/www.fhs.unizg.hr\/en\/privacy_policy.<\/a>We have endeavored to write it as clearly as possible and to make it understandable to everyone, with the desire to maintain your full trust in how we handle your personal data.<br><br>If you have further questions about data protection after reading it or wish to exercise any of your rights related to the protection of your personal data, please contact us via the data protection officer of the Faculty of Croatian Studies, University of Zagreb:<br>&nbsp;&nbsp;&nbsp;&nbsp;&nbsp;&nbsp;&nbsp;&nbsp;&nbsp;&nbsp;&nbsp;&nbsp;&nbsp;&nbsp;&nbsp;&nbsp;&nbsp;&nbsp;&nbsp;&nbsp;&nbsp;&nbsp;&nbsp;&nbsp;&nbsp;&nbsp;&nbsp;&nbsp;&nbsp;&nbsp;&nbsp;&nbsp;&nbsp;&nbsp;&nbsp;&nbsp;&nbsp;&nbsp;&nbsp;&nbsp;&nbsp;&nbsp;&nbsp;&nbsp;&nbsp;&nbsp;&nbsp;&nbsp;&nbsp;&nbsp;&nbsp;&nbsp;&nbsp;&nbsp;&nbsp;&nbsp;&nbsp;&nbsp;&nbsp;&nbsp;<br>Igor Barlek, CIPP\/E<br>e-mail: bi@biconsult.hr<br>&nbsp;<br>&nbsp;<br><strong>WHAT PERSONAL DATA DO WE COLLECT?<\/strong><br>&nbsp;<br>We collect only the necessary personal data required for processing conference registrations and fee payments:<br>\u2013 Full name<br>\u2013 Email address  for direct contact and notification<br>\u2013 Name of the scientific institution and the participant\u2019s position in that institution<br>\u2013 Details of the payment of fees<br>&nbsp;<br>&nbsp;<br><strong>HOW DO WE USE YOUR PERSONAL DATA?<\/strong><br>&nbsp;<br>We use your data exclusively for the purpose of:<br>\u2013 Registration and enrollment in the conference<br>\u2013 Processing and recording fee payments<br>\u2013 Sending confirmations of registration and payments<br>\u2013 Communication with you regarding the conference and timely notifications<br>\u2013 Fulfillment of legal obligations from tax-accounting regulations<br>&nbsp;<br>&nbsp;<br><strong>WHO MUST WE SHARE YOUR PERSONAL DATA WITH?<\/strong><br>&nbsp;<br>We share your data with:<br>\u2013 Payment service providers to process your fee payments<br>\u2013 Technical service providers for hosting and website security<br>\u2013 Competent authorities if necessary according to the law<br>&nbsp;<br>&nbsp;<br><strong>HOW LONG DO WE KEEP YOUR PERSONAL DATA?<\/strong><br>We retain your personal data for 30 days after the end of the conference, except for your personal data closely related to your fee payments, which are kept for 11 years due to obligations from tax-accounting regulations.<br>&nbsp;<br>&nbsp;<br><strong>YOUR RIGHTS<\/strong><br>&nbsp;<br>You are free to contact us at any time to exercise your rights concerning the protection of your personal data. Your rights include the following:<br>&nbsp;<br><strong>Right of access to personal data<\/strong><br>You have the right to access your personal data and to be informed about what data and how we process it, for what purpose, and for how long. We provide you the opportunity to obtain a copy of your personal data.&nbsp;&nbsp;<br>&nbsp;<br><strong>Right to rectification of personal data<\/strong><br>Imate pravo na ispravak ili dopunu neto\u010dnih ili nepotpunih osobnih podataka koje ste smo prikupili.<br>&nbsp;<br><strong>Right to erasure of personal data<\/strong><br>You have the right to request us to erase your personal data when the data are no longer necessary for the purposes for which they were collected, when you submit a justified objection, or when your personal data are processed unlawfully, and if there is no legal obligation to retain them.<br><br><strong>Right to object<\/strong><br>You have the right to object to certain processing of your personal data. For example, you can request that we stop processing your personal data for direct marketing purposes through newsletters.<br>&nbsp;<br><strong>Right to restriction of processing<\/strong><br>You may request that we restrict the processing of data, for instance, when deletion, rectification, or objection concerning your personal data is pending and\/or when we do not have a valid basis for processing your data but you want us to retain them. When processing is restricted, your data will be stored and no further processing will take place. For example, if you dispute the accuracy of your data, processing of such data will be restricted while ensuring the data are accurate.<br>&nbsp;<br>If you wish to exercise any of the above rights, feel free to request them:<br>\u2013 By mail at: Faculty of Croatian Studies, University of Zagreb, Sveu\u010dili\u0161ni kampus Borongaj, Borongajska cesta 83d, 10000 Zagreb<br>\u2013 By e-mail at <a href=\"mailto:hrjik@fhs.hr\">hrjik@fhs.hr<\/a>.<br>&nbsp;<br>We will respond to your request as soon as possible, at the latest within one month from the receipt of your request. In the event we are unable to securely confirm your identity, we may request additional verification of your identity.<br>&nbsp;<br><strong>Right to lodge a complaint with a supervisory authority<\/strong><br>At any time, you can file a complaint directly with the competent supervisory authority, especially in the EU country where you have your usual residence, place of work, or the place of the alleged infringement, if you believe that our processing of your personal data is not lawful. Direct contacts of the competent supervisory authority in Croatia are:<br>&nbsp;<br>AGENCY FOR PERSONAL DATA PROTECTION (AZOP)<br>Ulica grada Vukovara 54<br>10 000 Zagreb<br>Phone: +385 1 4609 000<br>E-mail: azop@azop.hr<br>Web: www.azop.hr&nbsp;&nbsp;<\/p><\/div><\/div>\n<\/div><\/div>","protected":false},"excerpt":{"rendered":"<p>Hrvatski jezik i kultura u inozemstvu: pogled u pro\u0161lost, sada\u0161njost, budu\u0107nost Obavijest o za\u0161titi osobnih podataka<\/p>","protected":false},"author":1,"featured_media":0,"parent":0,"menu_order":0,"comment_status":"closed","ping_status":"open","template":"","meta":{"_uag_custom_page_level_css":"","site-sidebar-layout":"default","site-content-layout":"","ast-site-content-layout":"default","site-content-style":"default","site-sidebar-style":"default","ast-global-header-display":"","ast-banner-title-visibility":"","ast-main-header-display":"","ast-hfb-above-header-display":"","ast-hfb-below-header-display":"","ast-hfb-mobile-header-display":"","site-post-title":"disabled","ast-breadcrumbs-content":"","ast-featured-img":"","footer-sml-layout":"","ast-disable-related-posts":"","theme-transparent-header-meta":"","adv-header-id-meta":"","stick-header-meta":"","header-above-stick-meta":"","header-main-stick-meta":"","header-below-stick-meta":"","astra-migrate-meta-layouts":"set","ast-page-background-enabled":"default","ast-page-background-meta":{"desktop":{"background-color":"","background-image":"","background-repeat":"repeat","background-position":"center center","background-size":"auto","background-attachment":"scroll","background-type":"","background-media":"","overlay-type":"","overlay-color":"","overlay-opacity":"","overlay-gradient":""},"tablet":{"background-color":"","background-image":"","background-repeat":"repeat","background-position":"center center","background-size":"auto","background-attachment":"scroll","background-type":"","background-media":"","overlay-type":"","overlay-color":"","overlay-opacity":"","overlay-gradient":""},"mobile":{"background-color":"","background-image":"","background-repeat":"repeat","background-position":"center center","background-size":"auto","background-attachment":"scroll","background-type":"","background-media":"","overlay-type":"","overlay-color":"","overlay-opacity":"","overlay-gradient":""}},"ast-content-background-meta":{"desktop":{"background-color":"var(--ast-global-color-5)","background-image":"","background-repeat":"repeat","background-position":"center center","background-size":"auto","background-attachment":"scroll","background-type":"","background-media":"","overlay-type":"","overlay-color":"","overlay-opacity":"","overlay-gradient":""},"tablet":{"background-color":"var(--ast-global-color-5)","background-image":"","background-repeat":"repeat","background-position":"center center","background-size":"auto","background-attachment":"scroll","background-type":"","background-media":"","overlay-type":"","overlay-color":"","overlay-opacity":"","overlay-gradient":""},"mobile":{"background-color":"var(--ast-global-color-5)","background-image":"","background-repeat":"repeat","background-position":"center center","background-size":"auto","background-attachment":"scroll","background-type":"","background-media":"","overlay-type":"","overlay-color":"","overlay-opacity":"","overlay-gradient":""}},"footnotes":""},"class_list":["post-3","page","type-page","status-publish","hentry"],"yoast_head":"<!-- This site is optimized with the Yoast SEO plugin v27.4 - https:\/\/yoast.com\/product\/yoast-seo-wordpress\/ -->\n<title>Obavijest o za\u0161titi osobnih podataka - Hrvatski jezik i kultura u inozemstvu: pogled u pro\u0161lost, sada\u0161njost, budu\u0107nost<\/title>\n<meta name=\"robots\" content=\"index, follow, max-snippet:-1, max-image-preview:large, max-video-preview:-1\" \/>\n<link rel=\"canonical\" href=\"https:\/\/hrjik.fhs.hr\/en\/privacy-policy\/\" \/>\n<meta property=\"og:locale\" content=\"en_GB\" \/>\n<meta property=\"og:type\" content=\"article\" \/>\n<meta property=\"og:title\" content=\"Obavijest o za\u0161titi osobnih podataka - Hrvatski jezik i kultura u inozemstvu: pogled u pro\u0161lost, sada\u0161njost, budu\u0107nost\" \/>\n<meta property=\"og:description\" content=\"Hrvatski jezik i kultura u inozemstvu: pogled u pro\u0161lost, sada\u0161njost, budu\u0107nost Obavijest o za\u0161titi osobnih podataka\" \/>\n<meta property=\"og:url\" content=\"https:\/\/hrjik.fhs.hr\/en\/privacy-policy\/\" \/>\n<meta property=\"og:site_name\" content=\"Hrvatski jezik i kultura u inozemstvu: pogled u pro\u0161lost, sada\u0161njost, budu\u0107nost\" \/>\n<meta property=\"article:publisher\" content=\"https:\/\/www.facebook.com\/profile.php?id=61573132138713\" \/>\n<meta property=\"article:modified_time\" content=\"2026-03-20T06:52:23+00:00\" \/>\n<meta property=\"og:image\" content=\"https:\/\/hrjik.fhs.hr\/wp-content\/uploads\/2025\/02\/500x500-prozirni-e1739802905353.png\" \/>\n\t<meta property=\"og:image:width\" content=\"200\" \/>\n\t<meta property=\"og:image:height\" content=\"200\" \/>\n\t<meta property=\"og:image:type\" content=\"image\/png\" \/>\n<meta name=\"twitter:card\" content=\"summary_large_image\" \/>\n<meta name=\"twitter:label1\" content=\"Estimated reading time\" \/>\n\t<meta name=\"twitter:data1\" content=\"5 minutes\" \/>\n<script type=\"application\/ld+json\" class=\"yoast-schema-graph\">{\"@context\":\"https:\\\/\\\/schema.org\",\"@graph\":[{\"@type\":\"WebPage\",\"@id\":\"https:\\\/\\\/hrjik.fhs.hr\\\/privacy-policy\\\/\",\"url\":\"https:\\\/\\\/hrjik.fhs.hr\\\/privacy-policy\\\/\",\"name\":\"Obavijest o za\u0161titi osobnih podataka - Hrvatski jezik i kultura u inozemstvu: pogled u pro\u0161lost, sada\u0161njost, budu\u0107nost\",\"isPartOf\":{\"@id\":\"https:\\\/\\\/hrjik.fhs.hr\\\/#website\"},\"datePublished\":\"2024-12-28T10:12:13+00:00\",\"dateModified\":\"2026-03-20T06:52:23+00:00\",\"breadcrumb\":{\"@id\":\"https:\\\/\\\/hrjik.fhs.hr\\\/privacy-policy\\\/#breadcrumb\"},\"inLanguage\":\"en-GB\",\"potentialAction\":[{\"@type\":\"ReadAction\",\"target\":[\"https:\\\/\\\/hrjik.fhs.hr\\\/privacy-policy\\\/\"]}]},{\"@type\":\"BreadcrumbList\",\"@id\":\"https:\\\/\\\/hrjik.fhs.hr\\\/privacy-policy\\\/#breadcrumb\",\"itemListElement\":[{\"@type\":\"ListItem\",\"position\":1,\"name\":\"Po\u010detna stranica\",\"item\":\"https:\\\/\\\/hrjik.fhs.hr\\\/\"},{\"@type\":\"ListItem\",\"position\":2,\"name\":\"Obavijest o za\u0161titi osobnih podataka\"}]},{\"@type\":\"WebSite\",\"@id\":\"https:\\\/\\\/hrjik.fhs.hr\\\/#website\",\"url\":\"https:\\\/\\\/hrjik.fhs.hr\\\/\",\"name\":\"Hrvatski jezik i kultura u inozemstvu: pogled u pro\u0161lost, sada\u0161njost, budu\u0107nost\",\"description\":\"Me\u0111unarodni znanstveno-stru\u010dni skup organizira se zbog potrebe aktualiziranja znanstvenih istra\u017eivanja koja se ti\u010du hrvatske iseljeni\u010dke problematike, kolektivnih sastavnica nacionalnoga identiteta te o\u010duvanja hrvatskoga jezika i kulture u inozemstvu s posebnim naglaskom na hrvatski kao ini jezik\",\"publisher\":{\"@id\":\"https:\\\/\\\/hrjik.fhs.hr\\\/#organization\"},\"potentialAction\":[{\"@type\":\"SearchAction\",\"target\":{\"@type\":\"EntryPoint\",\"urlTemplate\":\"https:\\\/\\\/hrjik.fhs.hr\\\/?s={search_term_string}\"},\"query-input\":{\"@type\":\"PropertyValueSpecification\",\"valueRequired\":true,\"valueName\":\"search_term_string\"}}],\"inLanguage\":\"en-GB\"},{\"@type\":\"Organization\",\"@id\":\"https:\\\/\\\/hrjik.fhs.hr\\\/#organization\",\"name\":\"Hrvatski jezik i kultura u inozemstvu: pogled u pro\u0161lost, sada\u0161njost, budu\u0107nost\",\"url\":\"https:\\\/\\\/hrjik.fhs.hr\\\/\",\"logo\":{\"@type\":\"ImageObject\",\"inLanguage\":\"en-GB\",\"@id\":\"https:\\\/\\\/hrjik.fhs.hr\\\/#\\\/schema\\\/logo\\\/image\\\/\",\"url\":\"https:\\\/\\\/hrjik.fhs.hr\\\/wp-content\\\/uploads\\\/2025\\\/02\\\/500x500-prozirni.png\",\"contentUrl\":\"https:\\\/\\\/hrjik.fhs.hr\\\/wp-content\\\/uploads\\\/2025\\\/02\\\/500x500-prozirni.png\",\"width\":500,\"height\":500,\"caption\":\"Hrvatski jezik i kultura u inozemstvu: pogled u pro\u0161lost, sada\u0161njost, budu\u0107nost\"},\"image\":{\"@id\":\"https:\\\/\\\/hrjik.fhs.hr\\\/#\\\/schema\\\/logo\\\/image\\\/\"},\"sameAs\":[\"https:\\\/\\\/www.facebook.com\\\/profile.php?id=61573132138713\"]}]}<\/script>\n<!-- \/ Yoast SEO plugin. -->","yoast_head_json":{"title":"Obavijest o za\u0161titi osobnih podataka - Hrvatski jezik i kultura u inozemstvu: pogled u pro\u0161lost, sada\u0161njost, budu\u0107nost","robots":{"index":"index","follow":"follow","max-snippet":"max-snippet:-1","max-image-preview":"max-image-preview:large","max-video-preview":"max-video-preview:-1"},"canonical":"https:\/\/hrjik.fhs.hr\/en\/privacy-policy\/","og_locale":"en_GB","og_type":"article","og_title":"Obavijest o za\u0161titi osobnih podataka - Hrvatski jezik i kultura u inozemstvu: pogled u pro\u0161lost, sada\u0161njost, budu\u0107nost","og_description":"Hrvatski jezik i kultura u inozemstvu: pogled u pro\u0161lost, sada\u0161njost, budu\u0107nost Obavijest o za\u0161titi osobnih podataka","og_url":"https:\/\/hrjik.fhs.hr\/en\/privacy-policy\/","og_site_name":"Hrvatski jezik i kultura u inozemstvu: pogled u pro\u0161lost, sada\u0161njost, budu\u0107nost","article_publisher":"https:\/\/www.facebook.com\/profile.php?id=61573132138713","article_modified_time":"2026-03-20T06:52:23+00:00","og_image":[{"width":200,"height":200,"url":"https:\/\/hrjik.fhs.hr\/wp-content\/uploads\/2025\/02\/500x500-prozirni-e1739802905353.png","type":"image\/png"}],"twitter_card":"summary_large_image","twitter_misc":{"Estimated reading time":"5 minutes"},"schema":{"@context":"https:\/\/schema.org","@graph":[{"@type":"WebPage","@id":"https:\/\/hrjik.fhs.hr\/privacy-policy\/","url":"https:\/\/hrjik.fhs.hr\/privacy-policy\/","name":"Obavijest o za\u0161titi osobnih podataka - Hrvatski jezik i kultura u inozemstvu: pogled u pro\u0161lost, sada\u0161njost, budu\u0107nost","isPartOf":{"@id":"https:\/\/hrjik.fhs.hr\/#website"},"datePublished":"2024-12-28T10:12:13+00:00","dateModified":"2026-03-20T06:52:23+00:00","breadcrumb":{"@id":"https:\/\/hrjik.fhs.hr\/privacy-policy\/#breadcrumb"},"inLanguage":"en-GB","potentialAction":[{"@type":"ReadAction","target":["https:\/\/hrjik.fhs.hr\/privacy-policy\/"]}]},{"@type":"BreadcrumbList","@id":"https:\/\/hrjik.fhs.hr\/privacy-policy\/#breadcrumb","itemListElement":[{"@type":"ListItem","position":1,"name":"Po\u010detna stranica","item":"https:\/\/hrjik.fhs.hr\/"},{"@type":"ListItem","position":2,"name":"Obavijest o za\u0161titi osobnih podataka"}]},{"@type":"WebSite","@id":"https:\/\/hrjik.fhs.hr\/#website","url":"https:\/\/hrjik.fhs.hr\/","name":"Croatian Language and Culture Abroad: Exploring the Past, Present, and Future","description":"Me\u0111unarodni znanstveno-stru\u010dni skup organizira se zbog potrebe aktualiziranja znanstvenih istra\u017eivanja koja se ti\u010du hrvatske iseljeni\u010dke problematike, kolektivnih sastavnica nacionalnoga identiteta te o\u010duvanja hrvatskoga jezika i kulture u inozemstvu s posebnim naglaskom na hrvatski kao ini jezik","publisher":{"@id":"https:\/\/hrjik.fhs.hr\/#organization"},"potentialAction":[{"@type":"SearchAction","target":{"@type":"EntryPoint","urlTemplate":"https:\/\/hrjik.fhs.hr\/?s={search_term_string}"},"query-input":{"@type":"PropertyValueSpecification","valueRequired":true,"valueName":"search_term_string"}}],"inLanguage":"en-GB"},{"@type":"Organization","@id":"https:\/\/hrjik.fhs.hr\/#organization","name":"Croatian Language and Culture Abroad: Exploring the Past, Present, and Future","url":"https:\/\/hrjik.fhs.hr\/","logo":{"@type":"ImageObject","inLanguage":"en-GB","@id":"https:\/\/hrjik.fhs.hr\/#\/schema\/logo\/image\/","url":"https:\/\/hrjik.fhs.hr\/wp-content\/uploads\/2025\/02\/500x500-prozirni.png","contentUrl":"https:\/\/hrjik.fhs.hr\/wp-content\/uploads\/2025\/02\/500x500-prozirni.png","width":500,"height":500,"caption":"Hrvatski jezik i kultura u inozemstvu: pogled u pro\u0161lost, sada\u0161njost, budu\u0107nost"},"image":{"@id":"https:\/\/hrjik.fhs.hr\/#\/schema\/logo\/image\/"},"sameAs":["https:\/\/www.facebook.com\/profile.php?id=61573132138713"]}]}},"uagb_featured_image_src":{"full":false,"thumbnail":false,"medium":false,"medium_large":false,"large":false,"1536x1536":false,"2048x2048":false,"trp-custom-language-flag":false},"uagb_author_info":{"display_name":"hrjik_admin","author_link":"https:\/\/hrjik.fhs.hr\/en\/author\/hrjik_admin\/"},"uagb_comment_info":0,"uagb_excerpt":"Hrvatski jezik i kultura u inozemstvu: pogled u pro\u0161lost, sada\u0161njost, budu\u0107nost Obavijest o za\u0161titi osobnih podataka","_links":{"self":[{"href":"https:\/\/hrjik.fhs.hr\/en\/wp-json\/wp\/v2\/pages\/3","targetHints":{"allow":["GET"]}}],"collection":[{"href":"https:\/\/hrjik.fhs.hr\/en\/wp-json\/wp\/v2\/pages"}],"about":[{"href":"https:\/\/hrjik.fhs.hr\/en\/wp-json\/wp\/v2\/types\/page"}],"author":[{"embeddable":true,"href":"https:\/\/hrjik.fhs.hr\/en\/wp-json\/wp\/v2\/users\/1"}],"replies":[{"embeddable":true,"href":"https:\/\/hrjik.fhs.hr\/en\/wp-json\/wp\/v2\/comments?post=3"}],"version-history":[{"count":9,"href":"https:\/\/hrjik.fhs.hr\/en\/wp-json\/wp\/v2\/pages\/3\/revisions"}],"predecessor-version":[{"id":3599,"href":"https:\/\/hrjik.fhs.hr\/en\/wp-json\/wp\/v2\/pages\/3\/revisions\/3599"}],"wp:attachment":[{"href":"https:\/\/hrjik.fhs.hr\/en\/wp-json\/wp\/v2\/media?parent=3"}],"curies":[{"name":"wp","href":"https:\/\/api.w.org\/{rel}","templated":true}]}}