{"id":205,"date":"2025-01-13T10:22:04","date_gmt":"2025-01-13T09:22:04","guid":{"rendered":"https:\/\/hrjik.fhs.hr\/?page_id=205"},"modified":"2026-03-20T07:52:23","modified_gmt":"2026-03-20T06:52:23","slug":"kontakt","status":"publish","type":"page","link":"https:\/\/hrjik.fhs.hr\/en\/kontakt\/","title":{"rendered":"Contact"},"content":{"rendered":"<div class=\"wp-block-uagb-container uagb-layout-flex uagb-block-c3a56ca2 alignfull uagb-is-root-container\">\n<div class=\"wp-block-uagb-advanced-heading uagb-block-2ad36393\"><h1 class=\"uagb-heading-text\">Croatian Language and Culture Abroad: <\/h1><p class=\"uagb-desc-text\">Exploring the Past, Present and Future<\/p><\/div>\n<\/div>\n\n\n\n<div class=\"wp-block-uagb-container uagb-block-6be08066 alignfull uagb-is-root-container\"><div class=\"uagb-container-inner-blocks-wrap\">\n<div class=\"wp-block-uagb-container uagb-block-c86856e2\">\n<div class=\"wp-block-uagb-separator uagb-block-13e142e3 wp-block-uagb-separator--icon\"><div class=\"uagb-separator-spacing-wrapper\"><div class=\"wp-block-uagb-separator__inner\" style=\"--my-background-image:\"><div class=\"wp-block-uagb-separator-element\"><svg xmlns=\"https:\/\/www.w3.org\/2000\/svg\" viewbox=\"0 0 512 512\"><path d=\"M464 64C490.5 64 512 85.49 512 112C512 127.1 504.9 141.3 492.8 150.4L275.2 313.6C263.8 322.1 248.2 322.1 236.8 313.6L19.2 150.4C7.113 141.3 0 127.1 0 112C0 85.49 21.49 64 48 64H464zM217.6 339.2C240.4 356.3 271.6 356.3 294.4 339.2L512 176V384C512 419.3 483.3 448 448 448H64C28.65 448 0 419.3 0 384V176L217.6 339.2z\"><\/path><\/svg><\/div><\/div><\/div><\/div>\n\n\n\n<div class=\"wp-block-uagb-info-box uagb-block-010937be uagb-infobox__content-wrap  uagb-infobox-icon-below-title uagb-infobox-image-valign-top wp-block-uagb-info-box--has-margin\"><div class=\"uagb-infobox-margin-wrapper\"><div class=\"uagb-ifb-content\"><div class=\"uagb-ifb-title-wrap\"><h1 class=\"uagb-ifb-title\">Contact Us<\/h1><\/div><p class=\"uagb-ifb-desc\">For all inquiries related to the conference Croatian Language and Culture Abroad: A Look into the Past, Present, and Future<br>you can contact us via email at<\/p><\/div><\/div><\/div>\n\n\n\n<div class=\"wp-block-uagb-advanced-heading uagb-block-fe9eed8b\"><h1 class=\"uagb-heading-text\"> <strong><a href=\"mailto:hrjik@fhs.hr\">hrjik@fhs.hr<\/a><\/strong><\/h1><\/div>\n<\/div>\n<\/div><\/div>\n\n\n\n<div class=\"wp-block-uagb-container uagb-block-e443ae29 alignfull uagb-is-root-container\"><div class=\"uagb-container-inner-blocks-wrap\">\n<div class=\"wp-block-uagb-separator uagb-block-5650d7c3 wp-block-uagb-separator--icon\"><div class=\"wp-block-uagb-separator__inner\" style=\"--my-background-image:\"><div class=\"wp-block-uagb-separator-element\"><svg xmlns=\"https:\/\/www.w3.org\/2000\/svg\" viewbox=\"0 0 384 512\"><path d=\"M168.3 499.2C116.1 435 0 279.4 0 192C0 85.96 85.96 0 192 0C298 0 384 85.96 384 192C384 279.4 267 435 215.7 499.2C203.4 514.5 180.6 514.5 168.3 499.2H168.3zM192 256C227.3 256 256 227.3 256 192C256 156.7 227.3 128 192 128C156.7 128 128 156.7 128 192C128 227.3 156.7 256 192 256z\"><\/path><\/svg><\/div><\/div><\/div>\n<\/div><\/div>\n\n\n\n<div id=\"venue\" class=\"wp-block-uagb-container uagb-layout-grid uagb-block-ca729072 alignfull uagb-is-root-container\"><div class=\"uagb-container-inner-blocks-wrap\">\n<div class=\"wp-block-uagb-container uagb-block-e4a5e34b alignfull uagb-is-root-container\"><div class=\"uagb-container-inner-blocks-wrap\">\n<div class=\"wp-block-uagb-info-box uagb-block-aeca5f28 uagb-infobox__content-wrap  uagb-infobox-icon-left-title uagb-infobox-left uagb-infobox-image-valign-top\"><div class=\"uagb-ifb-content\"><div class=\"uagb-ifb-left-title-image\"><div class=\"uagb-ifb-title-wrap\"><h2 class=\"uagb-ifb-title\">Location<\/h2><\/div><\/div><p class=\"uagb-ifb-desc\">Faculty of Croatian Studies, University of Zagreb<br><br>Borongaj University Campus, Borongajska cesta 83d<br>10 000 Zagreb, Republic of Croatia<br><br><br><strong>How to reach the Campus:<\/strong><br><br><strong>1. Bus<\/strong><br>Bus Line 215 Trnava \u2013 Kvaternikov trg (<a href=\"https:\/\/www.zet.hr\/UserDocsImages\/Autobusnelinije-rasporedi\/215.pdf\">Timetable - Bus 215<\/a>)<br>Take the bus at the bus terminal in Heinzelova (in the immediate vicinity of Kvaternikov trg).\nGet off at the Borongajska Kampus bus stop, then walk to the Faculty of Croatian Studies or wait for the bus line 236 Kampus \u2013 \u010cavi\u0107eva (<a href=\"https:\/\/www.zet.hr\/UserDocsImages\/Autobusnelinije-rasporedi\/236.pdf\">Timetable - Bus 215<\/a>), which takes you to the bus stop within the Campus itself.<br><br><strong>2. Tram<\/strong><br>Tram lines 2, 3 and 13 running East on the streets Vukovarska ulica and Ulica grada Gospi\u0107a and \u010cavi\u0107eva. Then transfer to bus number 236 Kampus \u2013 \u010cavi\u0107eva (<a href=\"https:\/\/www.zet.hr\/UserDocsImages\/Autobusnelinije-rasporedi\/236.pdf\">Timetable - Bus 215<\/a>)<\/p><\/div><\/div>\n<\/div><\/div>\n\n\n\n<div class=\"wp-block-uagb-container uagb-block-4b7a7e5c\">\n<iframe loading=\"lazy\" src=\"https:\/\/www.google.com\/maps\/d\/embed?mid=1Ak6Erncoi2WtBtdnC6HHooIN0LeCilw&#038;ehbc=2E312F\" width=\"640\" height=\"480\"><\/iframe>\n<\/div>\n<\/div><\/div>\n\n\n\n<div class=\"wp-block-uagb-container uagb-block-3b2d9c86 alignfull uagb-is-root-container\"><div class=\"uagb-container__shape uagb-container__shape-bottom uagb-container__invert\" data-negative=\"false\"><svg xmlns=\"https:\/\/www.w3.org\/2000\/svg\" viewbox=\"0 0 283.5 27.8\" preserveaspectratio=\"none\"><path class=\"uagb-container__shape-fill\" d=\"M283.5,9.7c0,0-7.3,4.3-14,4.6c-6.8,0.3-12.6,0-20.9-1.5c-11.3-2-33.1-10.1-44.7-5.7\ts-12.1,4.6-18,7.4c-6.6,3.2-20,9.6-36.6,9.3C131.6,23.5,99.5,7.2,86.3,8c-1.4,0.1-6.6,0.8-10.5,2c-3.8,1.2-9.4,3.8-17,4.7\tc-3.2,0.4-8.3,1.1-14.2,0.9c-1.5-0.1-6.3-0.4-12-1.6c-5.7-1.2-11-3.1-15.8-3.7C6.5,9.2,0,10.8,0,10.8V0h283.5V9.7z M260.8,11.3\tc-0.7-1-2-0.4-4.3-0.4c-2.3,0-6.1-1.2-5.8-1.1c0.3,0.1,3.1,1.5,6,1.9C259.7,12.2,261.4,12.3,260.8,11.3z M242.4,8.6\tc0,0-2.4-0.2-5.6-0.9c-3.2-0.8-10.3-2.8-15.1-3.5c-8.2-1.1-15.8,0-15.1,0.1c0.8,0.1,9.6-0.6,17.6,1.1c3.3,0.7,9.3,2.2,12.4,2.7\tC239.9,8.7,242.4,8.6,242.4,8.6z M185.2,8.5c1.7-0.7-13.3,4.7-18.5,6.1c-2.1,0.6-6.2,1.6-10,2c-3.9,0.4-8.9,0.4-8.8,0.5\tc0,0.2,5.8,0.8,11.2,0c5.4-0.8,5.2-1.1,7.6-1.6C170.5,14.7,183.5,9.2,185.2,8.5z M199.1,6.9c0.2,0-0.8-0.4-4.8,1.1\tc-4,1.5-6.7,3.5-6.9,3.7c-0.2,0.1,3.5-1.8,6.6-3C197,7.5,199,6.9,199.1,6.9z M283,6c-0.1,0.1-1.9,1.1-4.8,2.5s-6.9,2.8-6.7,2.7\tc0.2,0,3.5-0.6,7.4-2.5C282.8,6.8,283.1,5.9,283,6z M31.3,11.6c0.1-0.2-1.9-0.2-4.5-1.2s-5.4-1.6-7.8-2C15,7.6,7.3,8.5,7.7,8.6\tC8,8.7,15.9,8.3,20.2,9.3c2.2,0.5,2.4,0.5,5.7,1.6S31.2,11.9,31.3,11.6z M73,9.2c0.4-0.1,3.5-1.6,8.4-2.6c4.9-1.1,8.9-0.5,8.9-0.8\tc0-0.3-1-0.9-6.2-0.3S72.6,9.3,73,9.2z M71.6,6.7C71.8,6.8,75,5.4,77.3,5c2.3-0.3,1.9-0.5,1.9-0.6c0-0.1-1.1-0.2-2.7,0.2\tC74.8,5.1,71.4,6.6,71.6,6.7z M93.6,4.4c0.1,0.2,3.5,0.8,5.6,1.8c2.1,1,1.8,0.6,1.9,0.5c0.1-0.1-0.8-0.8-2.4-1.3\tC97.1,4.8,93.5,4.2,93.6,4.4z M65.4,11.1c-0.1,0.3,0.3,0.5,1.9-0.2s2.6-1.3,2.2-1.2s-0.9,0.4-2.5,0.8C65.3,10.9,65.5,10.8,65.4,11.1\tz M34.5,12.4c-0.2,0,2.1,0.8,3.3,0.9c1.2,0.1,2,0.1,2-0.2c0-0.3-0.1-0.5-1.6-0.4C36.6,12.8,34.7,12.4,34.5,12.4z M152.2,21.1\tc-0.1,0.1-2.4-0.3-7.5-0.3c-5,0-13.6-2.4-17.2-3.5c-3.6-1.1,10,3.9,16.5,4.1C150.5,21.6,152.3,21,152.2,21.1z\"><\/path><path class=\"uagb-container__shape-fill\" d=\"M269.6,18c-0.1-0.1-4.6,0.3-7.2,0c-7.3-0.7-17-3.2-16.6-2.9c0.4,0.3,13.7,3.1,17,3.3\tC267.7,18.8,269.7,18,269.6,18z\"><\/path><path class=\"uagb-container__shape-fill\" d=\"M227.4,9.8c-0.2-0.1-4.5-1-9.5-1.2c-5-0.2-12.7,0.6-12.3,0.5c0.3-0.1,5.9-1.8,13.3-1.2\tS227.6,9.9,227.4,9.8z\"><\/path><path class=\"uagb-container__shape-fill\" d=\"M204.5,13.4c-0.1-0.1,2-1,3.2-1.1c1.2-0.1,2,0,2,0.3c0,0.3-0.1,0.5-1.6,0.4\tC206.4,12.9,204.6,13.5,204.5,13.4z\"><\/path><path class=\"uagb-container__shape-fill\" d=\"M201,10.6c0-0.1-4.4,1.2-6.3,2.2c-1.9,0.9-6.2,3.1-6.1,3.1c0.1,0.1,4.2-1.6,6.3-2.6\tS201,10.7,201,10.6z\"><\/path><path class=\"uagb-container__shape-fill\" d=\"M154.5,26.7c-0.1-0.1-4.6,0.3-7.2,0c-7.3-0.7-17-3.2-16.6-2.9c0.4,0.3,13.7,3.1,17,3.3\tC152.6,27.5,154.6,26.8,154.5,26.7z\"><\/path><path class=\"uagb-container__shape-fill\" d=\"M41.9,19.3c0,0,1.2-0.3,2.9-0.1c1.7,0.2,5.8,0.9,8.2,0.7c4.2-0.4,7.4-2.7,7-2.6\tc-0.4,0-4.3,2.2-8.6,1.9c-1.8-0.1-5.1-0.5-6.7-0.4S41.9,19.3,41.9,19.3z\"><\/path><path class=\"uagb-container__shape-fill\" d=\"M75.5,12.6c0.2,0.1,2-0.8,4.3-1.1c2.3-0.2,2.1-0.3,2.1-0.5c0-0.1-1.8-0.4-3.4,0\tC76.9,11.5,75.3,12.5,75.5,12.6z\"><\/path><path class=\"uagb-container__shape-fill\" d=\"M15.6,13.2c0-0.1,4.3,0,6.7,0.5c2.4,0.5,5,1.9,5,2c0,0.1-2.7-0.8-5.1-1.4\tC19.9,13.7,15.7,13.3,15.6,13.2z\"><\/path><\/svg><\/div><div class=\"uagb-container-inner-blocks-wrap\"><\/div><\/div>","protected":false},"excerpt":{"rendered":"<p>Hrvatski jezik i kultura u inozemstvu: pogled u pro\u0161lost, sada\u0161njost, budu\u0107nost hrjik@fhs.hr<\/p>","protected":false},"author":1,"featured_media":0,"parent":0,"menu_order":0,"comment_status":"closed","ping_status":"closed","template":"","meta":{"_uag_custom_page_level_css":"","site-sidebar-layout":"default","site-content-layout":"","ast-site-content-layout":"default","site-content-style":"default","site-sidebar-style":"default","ast-global-header-display":"","ast-banner-title-visibility":"","ast-main-header-display":"","ast-hfb-above-header-display":"","ast-hfb-below-header-display":"","ast-hfb-mobile-header-display":"","site-post-title":"disabled","ast-breadcrumbs-content":"","ast-featured-img":"","footer-sml-layout":"","ast-disable-related-posts":"","theme-transparent-header-meta":"","adv-header-id-meta":"","stick-header-meta":"","header-above-stick-meta":"","header-main-stick-meta":"","header-below-stick-meta":"","astra-migrate-meta-layouts":"set","ast-page-background-enabled":"default","ast-page-background-meta":{"desktop":{"background-color":"","background-image":"","background-repeat":"repeat","background-position":"center center","background-size":"auto","background-attachment":"scroll","background-type":"","background-media":"","overlay-type":"","overlay-color":"","overlay-opacity":"","overlay-gradient":""},"tablet":{"background-color":"","background-image":"","background-repeat":"repeat","background-position":"center center","background-size":"auto","background-attachment":"scroll","background-type":"","background-media":"","overlay-type":"","overlay-color":"","overlay-opacity":"","overlay-gradient":""},"mobile":{"background-color":"","background-image":"","background-repeat":"repeat","background-position":"center center","background-size":"auto","background-attachment":"scroll","background-type":"","background-media":"","overlay-type":"","overlay-color":"","overlay-opacity":"","overlay-gradient":""}},"ast-content-background-meta":{"desktop":{"background-color":"var(--ast-global-color-5)","background-image":"","background-repeat":"repeat","background-position":"center center","background-size":"auto","background-attachment":"scroll","background-type":"","background-media":"","overlay-type":"","overlay-color":"","overlay-opacity":"","overlay-gradient":""},"tablet":{"background-color":"var(--ast-global-color-5)","background-image":"","background-repeat":"repeat","background-position":"center center","background-size":"auto","background-attachment":"scroll","background-type":"","background-media":"","overlay-type":"","overlay-color":"","overlay-opacity":"","overlay-gradient":""},"mobile":{"background-color":"var(--ast-global-color-5)","background-image":"","background-repeat":"repeat","background-position":"center center","background-size":"auto","background-attachment":"scroll","background-type":"","background-media":"","overlay-type":"","overlay-color":"","overlay-opacity":"","overlay-gradient":""}},"footnotes":""},"class_list":["post-205","page","type-page","status-publish","hentry"],"yoast_head":"<!-- This site is optimized with the Yoast SEO plugin v27.4 - https:\/\/yoast.com\/product\/yoast-seo-wordpress\/ -->\n<title>Kontakt stranica hrjik@fhs.hr, kontaktirajte nas<\/title>\n<meta name=\"description\" content=\"Kontakt podatci za konferenciju Hrvatski jezik i kultura u inozemstvu:pogled u pro\u0161lost, sada\u0161njost, budu\u0107nost, kao i lokacija konferencije\" \/>\n<meta name=\"robots\" content=\"index, follow, max-snippet:-1, max-image-preview:large, max-video-preview:-1\" \/>\n<link rel=\"canonical\" href=\"https:\/\/hrjik.fhs.hr\/en\/kontakt\/\" \/>\n<meta property=\"og:locale\" content=\"en_GB\" \/>\n<meta property=\"og:type\" content=\"article\" \/>\n<meta property=\"og:title\" content=\"Kontakt stranica hrjik@fhs.hr, kontaktirajte nas\" \/>\n<meta property=\"og:description\" content=\"Kontakt podatci za konferenciju Hrvatski jezik i kultura u inozemstvu:pogled u pro\u0161lost, sada\u0161njost, budu\u0107nost, kao i lokacija konferencije\" \/>\n<meta property=\"og:url\" content=\"https:\/\/hrjik.fhs.hr\/en\/kontakt\/\" \/>\n<meta property=\"og:site_name\" content=\"Hrvatski jezik i kultura u inozemstvu: pogled u pro\u0161lost, sada\u0161njost, budu\u0107nost\" \/>\n<meta property=\"article:publisher\" content=\"https:\/\/www.facebook.com\/profile.php?id=61573132138713\" \/>\n<meta property=\"article:modified_time\" content=\"2026-03-20T06:52:23+00:00\" \/>\n<meta property=\"og:image\" content=\"https:\/\/hrjik.fhs.hr\/wp-content\/uploads\/2025\/02\/500x500-prozirni-e1739802905353.png\" \/>\n\t<meta property=\"og:image:width\" content=\"200\" \/>\n\t<meta property=\"og:image:height\" content=\"200\" \/>\n\t<meta property=\"og:image:type\" content=\"image\/png\" \/>\n<meta name=\"twitter:card\" content=\"summary_large_image\" \/>\n<meta name=\"twitter:label1\" content=\"Estimated reading time\" \/>\n\t<meta name=\"twitter:data1\" content=\"1 minute\" \/>\n<script type=\"application\/ld+json\" class=\"yoast-schema-graph\">{\"@context\":\"https:\\\/\\\/schema.org\",\"@graph\":[{\"@type\":\"WebPage\",\"@id\":\"https:\\\/\\\/hrjik.fhs.hr\\\/kontakt\\\/\",\"url\":\"https:\\\/\\\/hrjik.fhs.hr\\\/kontakt\\\/\",\"name\":\"Kontakt stranica hrjik@fhs.hr, kontaktirajte nas\",\"isPartOf\":{\"@id\":\"https:\\\/\\\/hrjik.fhs.hr\\\/#website\"},\"datePublished\":\"2025-01-13T09:22:04+00:00\",\"dateModified\":\"2026-03-20T06:52:23+00:00\",\"description\":\"Kontakt podatci za konferenciju Hrvatski jezik i kultura u inozemstvu:pogled u pro\u0161lost, sada\u0161njost, budu\u0107nost, kao i lokacija konferencije\",\"breadcrumb\":{\"@id\":\"https:\\\/\\\/hrjik.fhs.hr\\\/kontakt\\\/#breadcrumb\"},\"inLanguage\":\"en-GB\",\"potentialAction\":[{\"@type\":\"ReadAction\",\"target\":[\"https:\\\/\\\/hrjik.fhs.hr\\\/kontakt\\\/\"]}]},{\"@type\":\"BreadcrumbList\",\"@id\":\"https:\\\/\\\/hrjik.fhs.hr\\\/kontakt\\\/#breadcrumb\",\"itemListElement\":[{\"@type\":\"ListItem\",\"position\":1,\"name\":\"Po\u010detna stranica\",\"item\":\"https:\\\/\\\/hrjik.fhs.hr\\\/\"},{\"@type\":\"ListItem\",\"position\":2,\"name\":\"Kontakt\"}]},{\"@type\":\"WebSite\",\"@id\":\"https:\\\/\\\/hrjik.fhs.hr\\\/#website\",\"url\":\"https:\\\/\\\/hrjik.fhs.hr\\\/\",\"name\":\"Hrvatski jezik i kultura u inozemstvu: pogled u pro\u0161lost, sada\u0161njost, budu\u0107nost\",\"description\":\"Me\u0111unarodni znanstveno-stru\u010dni skup organizira se zbog potrebe aktualiziranja znanstvenih istra\u017eivanja koja se ti\u010du hrvatske iseljeni\u010dke problematike, kolektivnih sastavnica nacionalnoga identiteta te o\u010duvanja hrvatskoga jezika i kulture u inozemstvu s posebnim naglaskom na hrvatski kao ini jezik\",\"publisher\":{\"@id\":\"https:\\\/\\\/hrjik.fhs.hr\\\/#organization\"},\"potentialAction\":[{\"@type\":\"SearchAction\",\"target\":{\"@type\":\"EntryPoint\",\"urlTemplate\":\"https:\\\/\\\/hrjik.fhs.hr\\\/?s={search_term_string}\"},\"query-input\":{\"@type\":\"PropertyValueSpecification\",\"valueRequired\":true,\"valueName\":\"search_term_string\"}}],\"inLanguage\":\"en-GB\"},{\"@type\":\"Organization\",\"@id\":\"https:\\\/\\\/hrjik.fhs.hr\\\/#organization\",\"name\":\"Hrvatski jezik i kultura u inozemstvu: pogled u pro\u0161lost, sada\u0161njost, budu\u0107nost\",\"url\":\"https:\\\/\\\/hrjik.fhs.hr\\\/\",\"logo\":{\"@type\":\"ImageObject\",\"inLanguage\":\"en-GB\",\"@id\":\"https:\\\/\\\/hrjik.fhs.hr\\\/#\\\/schema\\\/logo\\\/image\\\/\",\"url\":\"https:\\\/\\\/hrjik.fhs.hr\\\/wp-content\\\/uploads\\\/2025\\\/02\\\/500x500-prozirni.png\",\"contentUrl\":\"https:\\\/\\\/hrjik.fhs.hr\\\/wp-content\\\/uploads\\\/2025\\\/02\\\/500x500-prozirni.png\",\"width\":500,\"height\":500,\"caption\":\"Hrvatski jezik i kultura u inozemstvu: pogled u pro\u0161lost, sada\u0161njost, budu\u0107nost\"},\"image\":{\"@id\":\"https:\\\/\\\/hrjik.fhs.hr\\\/#\\\/schema\\\/logo\\\/image\\\/\"},\"sameAs\":[\"https:\\\/\\\/www.facebook.com\\\/profile.php?id=61573132138713\"]}]}<\/script>\n<!-- \/ Yoast SEO plugin. -->","yoast_head_json":{"title":"Kontakt stranica hrjik@fhs.hr, kontaktirajte nas","description":"Kontakt podatci za konferenciju Hrvatski jezik i kultura u inozemstvu:pogled u pro\u0161lost, sada\u0161njost, budu\u0107nost, kao i lokacija konferencije","robots":{"index":"index","follow":"follow","max-snippet":"max-snippet:-1","max-image-preview":"max-image-preview:large","max-video-preview":"max-video-preview:-1"},"canonical":"https:\/\/hrjik.fhs.hr\/en\/kontakt\/","og_locale":"en_GB","og_type":"article","og_title":"Kontakt stranica hrjik@fhs.hr, kontaktirajte nas","og_description":"Kontakt podatci za konferenciju Hrvatski jezik i kultura u inozemstvu:pogled u pro\u0161lost, sada\u0161njost, budu\u0107nost, kao i lokacija konferencije","og_url":"https:\/\/hrjik.fhs.hr\/en\/kontakt\/","og_site_name":"Hrvatski jezik i kultura u inozemstvu: pogled u pro\u0161lost, sada\u0161njost, budu\u0107nost","article_publisher":"https:\/\/www.facebook.com\/profile.php?id=61573132138713","article_modified_time":"2026-03-20T06:52:23+00:00","og_image":[{"width":200,"height":200,"url":"https:\/\/hrjik.fhs.hr\/wp-content\/uploads\/2025\/02\/500x500-prozirni-e1739802905353.png","type":"image\/png"}],"twitter_card":"summary_large_image","twitter_misc":{"Estimated reading time":"1 minute"},"schema":{"@context":"https:\/\/schema.org","@graph":[{"@type":"WebPage","@id":"https:\/\/hrjik.fhs.hr\/kontakt\/","url":"https:\/\/hrjik.fhs.hr\/kontakt\/","name":"Kontakt stranica hrjik@fhs.hr, kontaktirajte nas","isPartOf":{"@id":"https:\/\/hrjik.fhs.hr\/#website"},"datePublished":"2025-01-13T09:22:04+00:00","dateModified":"2026-03-20T06:52:23+00:00","description":"Kontakt podatci za konferenciju Hrvatski jezik i kultura u inozemstvu:pogled u pro\u0161lost, sada\u0161njost, budu\u0107nost, kao i lokacija konferencije","breadcrumb":{"@id":"https:\/\/hrjik.fhs.hr\/kontakt\/#breadcrumb"},"inLanguage":"en-GB","potentialAction":[{"@type":"ReadAction","target":["https:\/\/hrjik.fhs.hr\/kontakt\/"]}]},{"@type":"BreadcrumbList","@id":"https:\/\/hrjik.fhs.hr\/kontakt\/#breadcrumb","itemListElement":[{"@type":"ListItem","position":1,"name":"Po\u010detna stranica","item":"https:\/\/hrjik.fhs.hr\/"},{"@type":"ListItem","position":2,"name":"Kontakt"}]},{"@type":"WebSite","@id":"https:\/\/hrjik.fhs.hr\/#website","url":"https:\/\/hrjik.fhs.hr\/","name":"Croatian Language and Culture Abroad: Exploring the Past, Present, and Future","description":"Me\u0111unarodni znanstveno-stru\u010dni skup organizira se zbog potrebe aktualiziranja znanstvenih istra\u017eivanja koja se ti\u010du hrvatske iseljeni\u010dke problematike, kolektivnih sastavnica nacionalnoga identiteta te o\u010duvanja hrvatskoga jezika i kulture u inozemstvu s posebnim naglaskom na hrvatski kao ini jezik","publisher":{"@id":"https:\/\/hrjik.fhs.hr\/#organization"},"potentialAction":[{"@type":"SearchAction","target":{"@type":"EntryPoint","urlTemplate":"https:\/\/hrjik.fhs.hr\/?s={search_term_string}"},"query-input":{"@type":"PropertyValueSpecification","valueRequired":true,"valueName":"search_term_string"}}],"inLanguage":"en-GB"},{"@type":"Organization","@id":"https:\/\/hrjik.fhs.hr\/#organization","name":"Croatian Language and Culture Abroad: Exploring the Past, Present, and Future","url":"https:\/\/hrjik.fhs.hr\/","logo":{"@type":"ImageObject","inLanguage":"en-GB","@id":"https:\/\/hrjik.fhs.hr\/#\/schema\/logo\/image\/","url":"https:\/\/hrjik.fhs.hr\/wp-content\/uploads\/2025\/02\/500x500-prozirni.png","contentUrl":"https:\/\/hrjik.fhs.hr\/wp-content\/uploads\/2025\/02\/500x500-prozirni.png","width":500,"height":500,"caption":"Hrvatski jezik i kultura u inozemstvu: pogled u pro\u0161lost, sada\u0161njost, budu\u0107nost"},"image":{"@id":"https:\/\/hrjik.fhs.hr\/#\/schema\/logo\/image\/"},"sameAs":["https:\/\/www.facebook.com\/profile.php?id=61573132138713"]}]}},"uagb_featured_image_src":{"full":false,"thumbnail":false,"medium":false,"medium_large":false,"large":false,"1536x1536":false,"2048x2048":false,"trp-custom-language-flag":false},"uagb_author_info":{"display_name":"hrjik_admin","author_link":"https:\/\/hrjik.fhs.hr\/en\/author\/hrjik_admin\/"},"uagb_comment_info":0,"uagb_excerpt":"Hrvatski jezik i kultura u inozemstvu: pogled u pro\u0161lost, sada\u0161njost, budu\u0107nost hrjik@fhs.hr","_links":{"self":[{"href":"https:\/\/hrjik.fhs.hr\/en\/wp-json\/wp\/v2\/pages\/205","targetHints":{"allow":["GET"]}}],"collection":[{"href":"https:\/\/hrjik.fhs.hr\/en\/wp-json\/wp\/v2\/pages"}],"about":[{"href":"https:\/\/hrjik.fhs.hr\/en\/wp-json\/wp\/v2\/types\/page"}],"author":[{"embeddable":true,"href":"https:\/\/hrjik.fhs.hr\/en\/wp-json\/wp\/v2\/users\/1"}],"replies":[{"embeddable":true,"href":"https:\/\/hrjik.fhs.hr\/en\/wp-json\/wp\/v2\/comments?post=205"}],"version-history":[{"count":41,"href":"https:\/\/hrjik.fhs.hr\/en\/wp-json\/wp\/v2\/pages\/205\/revisions"}],"predecessor-version":[{"id":4014,"href":"https:\/\/hrjik.fhs.hr\/en\/wp-json\/wp\/v2\/pages\/205\/revisions\/4014"}],"wp:attachment":[{"href":"https:\/\/hrjik.fhs.hr\/en\/wp-json\/wp\/v2\/media?parent=205"}],"curies":[{"name":"wp","href":"https:\/\/api.w.org\/{rel}","templated":true}]}}